{"id":58,"date":"2021-08-09T09:29:01","date_gmt":"2021-08-09T09:29:01","guid":{"rendered":"https:\/\/zuckersammler.net\/?page_id=58"},"modified":"2026-01-28T15:02:20","modified_gmt":"2026-01-28T15:02:20","slug":"chronik","status":"publish","type":"page","link":"https:\/\/zuckersammler.net\/?page_id=58","title":{"rendered":"Chronik"},"content":{"rendered":"<div class=\"wp-block-image\">\n<figure class=\"aligncenter size-full\"><img loading=\"lazy\" decoding=\"async\" width=\"1077\" height=\"1025\" src=\"https:\/\/zuckersammler.net\/wp-content\/uploads\/2026\/01\/Chronik-D.jpg\" alt=\"\" class=\"wp-image-5478\" srcset=\"https:\/\/zuckersammler.net\/wp-content\/uploads\/2026\/01\/Chronik-D.jpg 1077w, https:\/\/zuckersammler.net\/wp-content\/uploads\/2026\/01\/Chronik-D-300x286.jpg 300w, https:\/\/zuckersammler.net\/wp-content\/uploads\/2026\/01\/Chronik-D-1024x975.jpg 1024w, https:\/\/zuckersammler.net\/wp-content\/uploads\/2026\/01\/Chronik-D-768x731.jpg 768w, https:\/\/zuckersammler.net\/wp-content\/uploads\/2026\/01\/Chronik-D-750x714.jpg 750w\" sizes=\"auto, (max-width: 1077px) 100vw, 1077px\" \/><\/figure>\n<\/div>\n\n\n<p>1961 trafen sich zum ersten Mal in Stuttgart neun interessierte Sammlerinnen und Sammler. Sie gr\u00fcndeten den \u201eStuttgarter Tauschring der Zuckersammler\u201c. Im Laufe der n\u00e4chsten Jahre \u00e4nderte die Gruppe mehrere Male ihren Namen. Seit 1982 hei\u00dft unsere Sammlergemeinschaft<\/p>\n\n\n\n<p>\u201eEurop\u00e4ische Gemeinschaft der Zuckersammler\u201c.<\/p>\n\n\n\n<p>2011 fand in Berlin das 50j\u00e4hrige Jubil\u00e4um der Sammlergruppe statt. Am Tauschtreffen nahmen 68 Sammlerinnen und Sammler teil, die aus 11 verschiedenen L\u00e4ndern kamen.<\/p>\n\n\n\n<p>Im April 2021 konnten wir aus Pandemie-Gr\u00fcnden das 60j\u00e4hrige Jubil\u00e4um leider nicht feiern.<\/p>\n\n\n\n<p>Im Mai 2026 feiern wir das 65j\u00e4hrige Jubil\u00e4um &#8222;65 Jahre Zuckertausch&#8220;.<\/p>\n\n\n\n<p>Wir suchen interessierte Menschen, die mit uns zusammen an dem ungew\u00f6hnlichen Hobby des Zuckersammelns Freude haben. Vielleicht k\u00f6nnen wir dann zusammen bald ein neues Jubil\u00e4um feiern.<\/p>\n\n\n\n<h4 class=\"wp-block-heading\"><strong>Faszination Sammeln<\/strong><\/h4>\n\n\n\n<p>Die Untersuchung eines Forschungsinstituts ergab, dass drei von vier Deutschen &nbsp;sammeln: am h\u00e4ufigsten B\u00fccher, gefolgt von CDs, M\u00fcnzen, Figuren, Stofftieren und Puppen.<\/p>\n\n\n\n<p>Wichtige Erkl\u00e4rungen sind: Spa\u00df,&nbsp; Besch\u00e4ftigung mit pers\u00f6nlichen Erinnerungen oder Wertzuwachs. Auch das Herstellen sozialer Kontakte kann eine Rolle spielen.<\/p>\n\n\n\n<p>Die meisten Zuckersammler fangen irgendwann mit einem St\u00fcckchen Zucker oder einer Zuckert\u00fcte an. Das kann schon im Kindesalter sein, aber auch \u00e4ltere Personen haben sich bestimmt schon einmal ein Zuckerst\u00fcckchen mit nach Hause genommen, weil sie sich z.B. an einen bestimmten Ort besonders gern erinnern wollten.<\/p>\n\n\n\n<p>Kleinere Kinder sammeln oft ganz unscheinbare Dinge. Nach der Pubert\u00e4t ist es mit der Sammelleidenschaft oft schlagartig vorbei. Wenn aber das Hobby beibehalten wird, sammeln Erwachsene deutlich intensiver.<\/p>\n\n\n\n<p>In der heutigen Zeit hat der Online Markt eine enorme Entwicklung genommen. Doch der Kauf per Mausklick l\u00e4sst eine Sammlung&nbsp; zwar deutlich mehr anwachsen, aber er bewirkt auch, dass das Sammeln unverkennbar \u00e4rmer an Erlebnissen wird.<\/p>\n","protected":false},"excerpt":{"rendered":"<p>1961 trafen sich zum ersten Mal in Stuttgart neun interessierte Sammlerinnen und Sammler. Sie gr\u00fcndeten den \u201eStuttgarter Tauschring der Zuckersammler\u201c. Im Laufe der n\u00e4chsten Jahre \u00e4nderte die Gruppe mehrere Male ihren Namen. Seit 1982 hei\u00dft unsere Sammlergemeinschaft \u201eEurop\u00e4ische Gemeinschaft der Zuckersammler\u201c. 2011 fand in Berlin das 50j\u00e4hrige Jubil\u00e4um der Sammlergruppe statt. Am Tauschtreffen nahmen 68 [&hellip;]<\/p>\n","protected":false},"author":1,"featured_media":0,"parent":0,"menu_order":0,"comment_status":"closed","ping_status":"closed","template":"page-templates\/full-width.php","meta":{"footnotes":""},"class_list":["post-58","page","type-page","status-publish","hentry"],"_links":{"self":[{"href":"https:\/\/zuckersammler.net\/index.php?rest_route=\/wp\/v2\/pages\/58","targetHints":{"allow":["GET"]}}],"collection":[{"href":"https:\/\/zuckersammler.net\/index.php?rest_route=\/wp\/v2\/pages"}],"about":[{"href":"https:\/\/zuckersammler.net\/index.php?rest_route=\/wp\/v2\/types\/page"}],"author":[{"embeddable":true,"href":"https:\/\/zuckersammler.net\/index.php?rest_route=\/wp\/v2\/users\/1"}],"replies":[{"embeddable":true,"href":"https:\/\/zuckersammler.net\/index.php?rest_route=%2Fwp%2Fv2%2Fcomments&post=58"}],"version-history":[{"count":8,"href":"https:\/\/zuckersammler.net\/index.php?rest_route=\/wp\/v2\/pages\/58\/revisions"}],"predecessor-version":[{"id":5479,"href":"https:\/\/zuckersammler.net\/index.php?rest_route=\/wp\/v2\/pages\/58\/revisions\/5479"}],"wp:attachment":[{"href":"https:\/\/zuckersammler.net\/index.php?rest_route=%2Fwp%2Fv2%2Fmedia&parent=58"}],"curies":[{"name":"wp","href":"https:\/\/api.w.org\/{rel}","templated":true}]}}