{"id":5563,"date":"2026-04-25T11:59:58","date_gmt":"2026-04-25T11:59:58","guid":{"rendered":"https:\/\/zuckersammler.net\/?page_id=5563"},"modified":"2026-04-25T12:05:01","modified_gmt":"2026-04-25T12:05:01","slug":"ausstellungen-museen","status":"publish","type":"page","link":"https:\/\/zuckersammler.net\/?page_id=5563","title":{"rendered":"Ausstellungen &amp; Museen"},"content":{"rendered":"\n<p class=\"has-text-align-center\"><h2=\"has-text-align-center\"><strong>Heimatmuseum Seulberg<\/strong><\/h2=\"has-text-align-center\"><\/p>\n\n\n\n<p class=\"has-text-align-center\">&nbsp;Am Sonntag, 26.04., wird die Zuckerausstellung &#8222;Zucker &#8211; Vom Luxusgut zum Alltagsprodukt&#8220;  im Heimatmuseum Seulberg feierlich er\u00f6ffnet.<\/p>\n\n\n<div class=\"wp-block-image is-style-default\">\n<figure data-wp-context=\"{&quot;imageId&quot;:&quot;69ee1e9bb9433&quot;}\" data-wp-interactive=\"core\/image\" data-wp-key=\"69ee1e9bb9433\" class=\"aligncenter size-wpzoom-rcb-block-step-image wp-lightbox-container\"><img loading=\"lazy\" decoding=\"async\" width=\"750\" height=\"563\" data-wp-class--hide=\"state.isContentHidden\" data-wp-class--show=\"state.isContentVisible\" data-wp-init=\"callbacks.setButtonStyles\" data-wp-on--click=\"actions.showLightbox\" data-wp-on--load=\"callbacks.setButtonStyles\" data-wp-on-window--resize=\"callbacks.setButtonStyles\" src=\"https:\/\/zuckersammler.net\/wp-content\/uploads\/2026\/04\/Aussen-750x563.jpg\" alt=\"\" class=\"wp-image-5574\" style=\"aspect-ratio:4\/3;object-fit:cover\" title=\"\" srcset=\"https:\/\/zuckersammler.net\/wp-content\/uploads\/2026\/04\/Aussen-750x563.jpg 750w, https:\/\/zuckersammler.net\/wp-content\/uploads\/2026\/04\/Aussen-300x225.jpg 300w, https:\/\/zuckersammler.net\/wp-content\/uploads\/2026\/04\/Aussen-1024x768.jpg 1024w, https:\/\/zuckersammler.net\/wp-content\/uploads\/2026\/04\/Aussen-768x576.jpg 768w, https:\/\/zuckersammler.net\/wp-content\/uploads\/2026\/04\/Aussen-500x375.jpg 500w, https:\/\/zuckersammler.net\/wp-content\/uploads\/2026\/04\/Aussen.jpg 1229w\" sizes=\"auto, (max-width: 750px) 100vw, 750px\" \/><button\n\t\t\tclass=\"lightbox-trigger\"\n\t\t\ttype=\"button\"\n\t\t\taria-haspopup=\"dialog\"\n\t\t\taria-label=\"Vergr\u00f6\u00dfern\"\n\t\t\tdata-wp-init=\"callbacks.initTriggerButton\"\n\t\t\tdata-wp-on--click=\"actions.showLightbox\"\n\t\t\tdata-wp-style--right=\"state.imageButtonRight\"\n\t\t\tdata-wp-style--top=\"state.imageButtonTop\"\n\t\t>\n\t\t\t<svg xmlns=\"http:\/\/www.w3.org\/2000\/svg\" width=\"12\" height=\"12\" fill=\"none\" viewBox=\"0 0 12 12\">\n\t\t\t\t<path fill=\"#fff\" d=\"M2 0a2 2 0 0 0-2 2v2h1.5V2a.5.5 0 0 1 .5-.5h2V0H2Zm2 10.5H2a.5.5 0 0 1-.5-.5V8H0v2a2 2 0 0 0 2 2h2v-1.5ZM8 12v-1.5h2a.5.5 0 0 0 .5-.5V8H12v2a2 2 0 0 1-2 2H8Zm2-12a2 2 0 0 1 2 2v2h-1.5V2a.5.5 0 0 0-.5-.5H8V0h2Z\" \/>\n\t\t\t<\/svg>\n\t\t<\/button><\/figure>\n<\/div>\n\n\n<p class=\"has-text-align-center\">&nbsp;Hier finden Sie dazu unsere <a href=\"http:\/\/zuckersammler.net\/wp-content\/uploads\/2026\/04\/Pressemitteilung.pdf\" data-type=\"link\" data-id=\"http:\/\/zuckersammler.net\/wp-content\/uploads\/2026\/04\/Pressemitteilung.pdf\">Pressemitteilung<\/a><\/p>\n\n\n\n<p class=\"has-text-align-center\"><strong>Ort der Ausstellung:<\/strong><\/p>\n\n\n\n<p class=\"has-text-align-center\"><strong><em>Heimatmuseum Seulberg<\/em><\/strong><\/p>\n\n\n\n<p class=\"has-text-align-center\"><strong><em>Alt Seulberg 46<\/em><\/strong><\/p>\n\n\n\n<p class=\"has-text-align-center\"><strong><em>61381 Friedrichsdorf<\/em><\/strong><\/p>\n\n\n<div class=\"wp-block-image is-style-rounded\">\n<figure data-wp-context=\"{&quot;imageId&quot;:&quot;69ee1e9bb9d38&quot;}\" data-wp-interactive=\"core\/image\" data-wp-key=\"69ee1e9bb9d38\" class=\"aligncenter size-full is-resized wp-lightbox-container\"><img loading=\"lazy\" decoding=\"async\" width=\"1699\" height=\"2560\" data-wp-class--hide=\"state.isContentHidden\" data-wp-class--show=\"state.isContentVisible\" data-wp-init=\"callbacks.setButtonStyles\" data-wp-on--click=\"actions.showLightbox\" data-wp-on--load=\"callbacks.setButtonStyles\" data-wp-on-window--resize=\"callbacks.setButtonStyles\" src=\"https:\/\/zuckersammler.net\/wp-content\/uploads\/2026\/04\/Heimatmuseum-scaled.jpg\" alt=\"\" class=\"wp-image-5577\" style=\"aspect-ratio:0.6636791229954446;width:557px;height:auto\" title=\"\" srcset=\"https:\/\/zuckersammler.net\/wp-content\/uploads\/2026\/04\/Heimatmuseum-scaled.jpg 1699w, https:\/\/zuckersammler.net\/wp-content\/uploads\/2026\/04\/Heimatmuseum-199x300.jpg 199w, https:\/\/zuckersammler.net\/wp-content\/uploads\/2026\/04\/Heimatmuseum-680x1024.jpg 680w, https:\/\/zuckersammler.net\/wp-content\/uploads\/2026\/04\/Heimatmuseum-768x1157.jpg 768w, https:\/\/zuckersammler.net\/wp-content\/uploads\/2026\/04\/Heimatmuseum-1020x1536.jpg 1020w, https:\/\/zuckersammler.net\/wp-content\/uploads\/2026\/04\/Heimatmuseum-1359x2048.jpg 1359w, https:\/\/zuckersammler.net\/wp-content\/uploads\/2026\/04\/Heimatmuseum-750x1130.jpg 750w\" sizes=\"auto, (max-width: 1699px) 100vw, 1699px\" \/><button\n\t\t\tclass=\"lightbox-trigger\"\n\t\t\ttype=\"button\"\n\t\t\taria-haspopup=\"dialog\"\n\t\t\taria-label=\"Vergr\u00f6\u00dfern\"\n\t\t\tdata-wp-init=\"callbacks.initTriggerButton\"\n\t\t\tdata-wp-on--click=\"actions.showLightbox\"\n\t\t\tdata-wp-style--right=\"state.imageButtonRight\"\n\t\t\tdata-wp-style--top=\"state.imageButtonTop\"\n\t\t>\n\t\t\t<svg xmlns=\"http:\/\/www.w3.org\/2000\/svg\" width=\"12\" height=\"12\" fill=\"none\" viewBox=\"0 0 12 12\">\n\t\t\t\t<path fill=\"#fff\" d=\"M2 0a2 2 0 0 0-2 2v2h1.5V2a.5.5 0 0 1 .5-.5h2V0H2Zm2 10.5H2a.5.5 0 0 1-.5-.5V8H0v2a2 2 0 0 0 2 2h2v-1.5ZM8 12v-1.5h2a.5.5 0 0 0 .5-.5V8H12v2a2 2 0 0 1-2 2H8Zm2-12a2 2 0 0 1 2 2v2h-1.5V2a.5.5 0 0 0-.5-.5H8V0h2Z\" \/>\n\t\t\t<\/svg>\n\t\t<\/button><\/figure>\n<\/div>\n\n\n<p class=\"has-text-align-center\"><strong>&nbsp;\u00d6ffnungszeiten:<\/strong><\/p>\n\n\n\n<p class=\"has-text-align-center\"><strong><em>Mittwoch &amp; Donnerstag<\/em><\/strong>: <strong><em>9 bis 12 Uhr<\/em><\/strong><\/p>\n\n\n\n<p class=\"has-text-align-center\"><strong><em>Sonntag<\/em><\/strong>: <strong><em>14 bis 17 Uhr<\/em><\/strong><\/p>\n\n\n\n<p class=\"has-text-align-center\"><strong><em>Der Eintritt ist frei!<\/em><\/strong><\/p>\n\n\n<div class=\"wp-block-image is-style-default\">\n<figure data-wp-context=\"{&quot;imageId&quot;:&quot;69ee1e9bba0a7&quot;}\" data-wp-interactive=\"core\/image\" data-wp-key=\"69ee1e9bba0a7\" class=\"aligncenter size-full wp-lightbox-container\"><img loading=\"lazy\" decoding=\"async\" width=\"1718\" height=\"1204\" data-wp-class--hide=\"state.isContentHidden\" data-wp-class--show=\"state.isContentVisible\" data-wp-init=\"callbacks.setButtonStyles\" data-wp-on--click=\"actions.showLightbox\" data-wp-on--load=\"callbacks.setButtonStyles\" data-wp-on-window--resize=\"callbacks.setButtonStyles\" src=\"https:\/\/zuckersammler.net\/wp-content\/uploads\/2026\/04\/Flyer_002.jpg\" alt=\"\" class=\"wp-image-5568\" title=\"\" srcset=\"https:\/\/zuckersammler.net\/wp-content\/uploads\/2026\/04\/Flyer_002.jpg 1718w, https:\/\/zuckersammler.net\/wp-content\/uploads\/2026\/04\/Flyer_002-300x210.jpg 300w, https:\/\/zuckersammler.net\/wp-content\/uploads\/2026\/04\/Flyer_002-1024x718.jpg 1024w, https:\/\/zuckersammler.net\/wp-content\/uploads\/2026\/04\/Flyer_002-768x538.jpg 768w, https:\/\/zuckersammler.net\/wp-content\/uploads\/2026\/04\/Flyer_002-1536x1076.jpg 1536w, https:\/\/zuckersammler.net\/wp-content\/uploads\/2026\/04\/Flyer_002-750x526.jpg 750w\" sizes=\"auto, (max-width: 1718px) 100vw, 1718px\" \/><button\n\t\t\tclass=\"lightbox-trigger\"\n\t\t\ttype=\"button\"\n\t\t\taria-haspopup=\"dialog\"\n\t\t\taria-label=\"Vergr\u00f6\u00dfern\"\n\t\t\tdata-wp-init=\"callbacks.initTriggerButton\"\n\t\t\tdata-wp-on--click=\"actions.showLightbox\"\n\t\t\tdata-wp-style--right=\"state.imageButtonRight\"\n\t\t\tdata-wp-style--top=\"state.imageButtonTop\"\n\t\t>\n\t\t\t<svg xmlns=\"http:\/\/www.w3.org\/2000\/svg\" width=\"12\" height=\"12\" fill=\"none\" viewBox=\"0 0 12 12\">\n\t\t\t\t<path fill=\"#fff\" d=\"M2 0a2 2 0 0 0-2 2v2h1.5V2a.5.5 0 0 1 .5-.5h2V0H2Zm2 10.5H2a.5.5 0 0 1-.5-.5V8H0v2a2 2 0 0 0 2 2h2v-1.5ZM8 12v-1.5h2a.5.5 0 0 0 .5-.5V8H12v2a2 2 0 0 1-2 2H8Zm2-12a2 2 0 0 1 2 2v2h-1.5V2a.5.5 0 0 0-.5-.5H8V0h2Z\" \/>\n\t\t\t<\/svg>\n\t\t<\/button><\/figure>\n<\/div>\n\n<div class=\"wp-block-image is-style-default\">\n<figure data-wp-context=\"{&quot;imageId&quot;:&quot;69ee1e9bba353&quot;}\" data-wp-interactive=\"core\/image\" data-wp-key=\"69ee1e9bba353\" class=\"aligncenter size-full wp-lightbox-container\"><img loading=\"lazy\" decoding=\"async\" width=\"1718\" height=\"1204\" data-wp-class--hide=\"state.isContentHidden\" data-wp-class--show=\"state.isContentVisible\" data-wp-init=\"callbacks.setButtonStyles\" data-wp-on--click=\"actions.showLightbox\" data-wp-on--load=\"callbacks.setButtonStyles\" data-wp-on-window--resize=\"callbacks.setButtonStyles\" src=\"https:\/\/zuckersammler.net\/wp-content\/uploads\/2026\/04\/Flyer_001.jpg\" alt=\"\" class=\"wp-image-5569\" title=\"\" srcset=\"https:\/\/zuckersammler.net\/wp-content\/uploads\/2026\/04\/Flyer_001.jpg 1718w, https:\/\/zuckersammler.net\/wp-content\/uploads\/2026\/04\/Flyer_001-300x210.jpg 300w, https:\/\/zuckersammler.net\/wp-content\/uploads\/2026\/04\/Flyer_001-1024x718.jpg 1024w, https:\/\/zuckersammler.net\/wp-content\/uploads\/2026\/04\/Flyer_001-768x538.jpg 768w, https:\/\/zuckersammler.net\/wp-content\/uploads\/2026\/04\/Flyer_001-1536x1076.jpg 1536w, https:\/\/zuckersammler.net\/wp-content\/uploads\/2026\/04\/Flyer_001-750x526.jpg 750w\" sizes=\"auto, (max-width: 1718px) 100vw, 1718px\" \/><button\n\t\t\tclass=\"lightbox-trigger\"\n\t\t\ttype=\"button\"\n\t\t\taria-haspopup=\"dialog\"\n\t\t\taria-label=\"Vergr\u00f6\u00dfern\"\n\t\t\tdata-wp-init=\"callbacks.initTriggerButton\"\n\t\t\tdata-wp-on--click=\"actions.showLightbox\"\n\t\t\tdata-wp-style--right=\"state.imageButtonRight\"\n\t\t\tdata-wp-style--top=\"state.imageButtonTop\"\n\t\t>\n\t\t\t<svg xmlns=\"http:\/\/www.w3.org\/2000\/svg\" width=\"12\" height=\"12\" fill=\"none\" viewBox=\"0 0 12 12\">\n\t\t\t\t<path fill=\"#fff\" d=\"M2 0a2 2 0 0 0-2 2v2h1.5V2a.5.5 0 0 1 .5-.5h2V0H2Zm2 10.5H2a.5.5 0 0 1-.5-.5V8H0v2a2 2 0 0 0 2 2h2v-1.5ZM8 12v-1.5h2a.5.5 0 0 0 .5-.5V8H12v2a2 2 0 0 1-2 2H8Zm2-12a2 2 0 0 1 2 2v2h-1.5V2a.5.5 0 0 0-.5-.5H8V0h2Z\" \/>\n\t\t\t<\/svg>\n\t\t<\/button><\/figure>\n<\/div>\n\n\n<p class=\"has-text-align-center\">&nbsp;Wir w\u00fcrden uns sehr \u00fcber zahlreiche Besucher und Besucherinnen aus dem Kreis der Zuckersammler und Zuckersammlerinnen freuen!<\/p>\n\n\n\n<p class=\"has-text-align-center\">&nbsp;Die Sonderausstellung wird voraussichtlich bis Ende des Jahres laufen.<\/p>\n\n\n\n<p class=\"has-text-align-center\">&nbsp;Bei R\u00fcckfragen stehe ich Ihnen nat\u00fcrlich gerne zur Verf\u00fcgung.<\/p>\n\n\n\n<p class=\"has-text-align-center\"><strong>Charlyne Dickhardt<\/strong><\/p>\n\n\n\n<p class=\"has-text-align-center\">Hugenottenstra\u00dfe 55<\/p>\n\n\n\n<p class=\"has-text-align-center\">61381 Friedrichsdorf<\/p>\n\n\n\n<p class=\"has-text-align-center\">Tel.: 06172 731 &#8211; 3106<\/p>\n\n\n<div class=\"wp-block-image is-style-default\">\n<figure data-wp-context=\"{&quot;imageId&quot;:&quot;69ee1e9bba6ce&quot;}\" data-wp-interactive=\"core\/image\" data-wp-key=\"69ee1e9bba6ce\" class=\"aligncenter size-full wp-lightbox-container\"><img loading=\"lazy\" decoding=\"async\" width=\"252\" height=\"220\" data-wp-class--hide=\"state.isContentHidden\" data-wp-class--show=\"state.isContentVisible\" data-wp-init=\"callbacks.setButtonStyles\" data-wp-on--click=\"actions.showLightbox\" data-wp-on--load=\"callbacks.setButtonStyles\" data-wp-on-window--resize=\"callbacks.setButtonStyles\" src=\"https:\/\/zuckersammler.net\/wp-content\/uploads\/2026\/04\/Stadt-Friedrichsdorf.jpg\" alt=\"\" class=\"wp-image-5566\" title=\"\"\/><button\n\t\t\tclass=\"lightbox-trigger\"\n\t\t\ttype=\"button\"\n\t\t\taria-haspopup=\"dialog\"\n\t\t\taria-label=\"Vergr\u00f6\u00dfern\"\n\t\t\tdata-wp-init=\"callbacks.initTriggerButton\"\n\t\t\tdata-wp-on--click=\"actions.showLightbox\"\n\t\t\tdata-wp-style--right=\"state.imageButtonRight\"\n\t\t\tdata-wp-style--top=\"state.imageButtonTop\"\n\t\t>\n\t\t\t<svg xmlns=\"http:\/\/www.w3.org\/2000\/svg\" width=\"12\" height=\"12\" fill=\"none\" viewBox=\"0 0 12 12\">\n\t\t\t\t<path fill=\"#fff\" d=\"M2 0a2 2 0 0 0-2 2v2h1.5V2a.5.5 0 0 1 .5-.5h2V0H2Zm2 10.5H2a.5.5 0 0 1-.5-.5V8H0v2a2 2 0 0 0 2 2h2v-1.5ZM8 12v-1.5h2a.5.5 0 0 0 .5-.5V8H12v2a2 2 0 0 1-2 2H8Zm2-12a2 2 0 0 1 2 2v2h-1.5V2a.5.5 0 0 0-.5-.5H8V0h2Z\" \/>\n\t\t\t<\/svg>\n\t\t<\/button><\/figure>\n<\/div>\n\n\n<p><\/p>\n","protected":false},"excerpt":{"rendered":"<p>Heimatmuseum Seulberg &nbsp;Am Sonntag, 26.04., wird die Zuckerausstellung &#8222;Zucker &#8211; Vom Luxusgut zum Alltagsprodukt&#8220; im Heimatmuseum Seulberg feierlich er\u00f6ffnet. &nbsp;Hier finden Sie dazu unsere Pressemitteilung Ort der Ausstellung: Heimatmuseum Seulberg Alt Seulberg 46 61381 Friedrichsdorf &nbsp;\u00d6ffnungszeiten: Mittwoch &amp; Donnerstag: 9 bis 12 Uhr Sonntag: 14 bis 17 Uhr Der Eintritt ist frei! &nbsp;Wir w\u00fcrden uns [&hellip;]<\/p>\n","protected":false},"author":2,"featured_media":0,"parent":0,"menu_order":0,"comment_status":"closed","ping_status":"closed","template":"page-templates\/full-width.php","meta":{"footnotes":""},"class_list":["post-5563","page","type-page","status-publish","hentry"],"_links":{"self":[{"href":"https:\/\/zuckersammler.net\/index.php?rest_route=\/wp\/v2\/pages\/5563","targetHints":{"allow":["GET"]}}],"collection":[{"href":"https:\/\/zuckersammler.net\/index.php?rest_route=\/wp\/v2\/pages"}],"about":[{"href":"https:\/\/zuckersammler.net\/index.php?rest_route=\/wp\/v2\/types\/page"}],"author":[{"embeddable":true,"href":"https:\/\/zuckersammler.net\/index.php?rest_route=\/wp\/v2\/users\/2"}],"replies":[{"embeddable":true,"href":"https:\/\/zuckersammler.net\/index.php?rest_route=%2Fwp%2Fv2%2Fcomments&post=5563"}],"version-history":[{"count":13,"href":"https:\/\/zuckersammler.net\/index.php?rest_route=\/wp\/v2\/pages\/5563\/revisions"}],"predecessor-version":[{"id":5584,"href":"https:\/\/zuckersammler.net\/index.php?rest_route=\/wp\/v2\/pages\/5563\/revisions\/5584"}],"wp:attachment":[{"href":"https:\/\/zuckersammler.net\/index.php?rest_route=%2Fwp%2Fv2%2Fmedia&parent=5563"}],"curies":[{"name":"wp","href":"https:\/\/api.w.org\/{rel}","templated":true}]}}