{"id":5462,"date":"2025-12-04T11:44:46","date_gmt":"2025-12-04T11:44:46","guid":{"rendered":"https:\/\/zuckersammler.net\/?page_id=5462"},"modified":"2026-03-06T15:11:07","modified_gmt":"2026-03-06T15:11:07","slug":"tauschtage-2026","status":"publish","type":"page","link":"https:\/\/zuckersammler.net\/?page_id=5462","title":{"rendered":"Tauschtage 2026"},"content":{"rendered":"\n<p>Alle Tauschtage unter Vorbehalt, bitte vorher beim Veranstalter anfragen.<\/p>\n\n\n\n<p><\/p>\n\n\n\n<div class=\"wp-block-columns is-layout-flex wp-container-core-columns-is-layout-9d6595d7 wp-block-columns-is-layout-flex\">\n<div class=\"wp-block-column box is-layout-flow wp-block-column-is-layout-flow\">\n<p class=\"has-text-align-center\"><strong><strong>Seligenstadt \/ Hessen<\/strong><\/strong><\/p>\n\n\n\n<p class=\"has-text-align-center\"><strong>DZDF &#8211; Jubil\u00e4umstauschtag<\/strong><\/p>\n\n\n\n<p>Vereinsheim Seligenstadt<\/p>\n\n\n\n<p>Steinheimer Stra\u00dfe 47<\/p>\n\n\n\n<p>63500 Seligenstadt<\/p>\n\n\n\n<p>25. April 2026<\/p>\n\n\n\n<p>von 09:30 bis 13:00 Uhr<\/p>\n\n\n\n<p><\/p>\n\n\n\n<p>R\u00fcckfrage und Anmeldungen an:<\/p>\n\n\n\n<p>Karin R\u00e4del<\/p>\n\n\n\n<p>Liebigstra\u00dfe 5<\/p>\n\n\n\n<p>63500 Seligenstadt<\/p>\n\n\n\n<p>E-Mail: karin@raedel.com<\/p>\n\n\n\n<p>Weitere Informationen:<\/p>\n\n\n\n<p><a href=\"http:\/\/www.zuckersammler.de\" data-type=\"link\" data-id=\"www.zuckersammler.de\">www.zuckersammler.de<\/a><\/p>\n<\/div>\n\n\n\n<div class=\"wp-block-column box is-layout-flow wp-block-column-is-layout-flow\">\n<p class=\"has-text-align-center\"><strong> <strong>Magdeburg &#8211; Sachsen-Anhalt<\/strong><\/strong><\/p>\n\n\n\n<p><strong>EGZ-Jahrestreffen 2026 mit Jahresversammlung<\/strong><\/p>\n\n\n\n<p class=\"has-text-align-center\">vom 07. \u2013 &nbsp;10. Mai 2026<\/p>\n\n\n\n<p class=\"has-text-align-center\"><strong>Tauschtag: 09. Mai 202<\/strong>6<\/p>\n\n\n\n<p><strong>von 13:00 bis 16:00 Uhr<\/strong><\/p>\n\n\n\n<p><strong>Tauschort:<\/strong><\/p>\n\n\n\n<p>Hotel \u201cAchat\u201d<\/p>\n\n\n\n<p>Hansapark 2<\/p>\n\n\n\n<p>39116 Magdeburg<\/p>\n\n\n\n<p><a href=\"https:\/\/zuckersammler.net\/?page_id=3754\" data-type=\"link\" data-id=\"https:\/\/zuckersammler.net\/?page_id=3754\">Weitere Informationen<\/a><\/p>\n\n\n\n<p>Anmeldungen:<\/p>\n\n\n\n<p>E-Mail: von.aswege@web.de<\/p>\n\n\n\n<p>Anke von Aswege<\/p>\n\n\n\n<p>Wilhelm-Raabe-Str. 19<\/p>\n\n\n\n<p>32105 Bad Salzuflen<\/p>\n\n\n\n<p>Tel. 01577 64 111 80 (Inland) <\/p>\n\n\n\n<p>Tel. +49 1577 64 111 80 (aus dem Ausland<\/p>\n<\/div>\n<\/div>\n\n\n\n<div class=\"wp-block-columns is-layout-flex wp-container-core-columns-is-layout-9d6595d7 wp-block-columns-is-layout-flex\">\n<div class=\"wp-block-column box is-layout-flow wp-block-column-is-layout-flow\">\n<p class=\"has-text-align-center\"><strong>Gy\u0151r, Ungarn<\/strong><\/p>\n\n\n\n<p class=\"has-text-align-center\"><strong>VI. Internationales Zuckertauschtreffen<\/strong><\/p>\n\n\n\n<p>II. Teebeutel Tauschtreffen<\/p>\n\n\n\n<p>17.04.\u2013 19.04.2026<\/p>\n\n\n\n<p>Gy\u0151r<\/p>\n\n\n\n<p><\/p>\n\n\n\n<p>R\u00fcckfrage und Anmeldungen an:<\/p>\n\n\n\n<p>huncut.kke@gmail.com<\/p>\n\n\n\n<p>Weitere Informationen:<\/p>\n\n\n\n<p><\/p>\n<\/div>\n\n\n\n<div class=\"wp-block-column box is-layout-flow wp-block-column-is-layout-flow\">\n<p class=\"has-text-align-center\"><strong>Butovick\u00e1 100\/33, 158 00 Prag 5 Jinonice<\/strong><\/p>\n\n\n\n<p class=\"has-text-align-center\"><strong><em>XXVII. Internationaler Zuckertauschtag<\/em><\/strong><\/p>\n\n\n\n<p>am <strong><em>Samstag 20. Juni 2026<\/em><\/strong><\/p>\n\n\n\n<p>von 09:00 \u2013 15:00 Uhr<\/p>\n\n\n\n<p>in der Turnhalle des Sportvereins Sokol Jinonice<\/p>\n\n\n\n<p><a href=\"http:\/\/zuckersammler.net\/wp-content\/uploads\/2026\/03\/Taush_Prag2026.pdf\" data-type=\"link\" data-id=\"http:\/\/zuckersammler.net\/wp-content\/uploads\/2026\/03\/Taush_Prag2026.pdf\">Weitere Informationen<\/a><\/p>\n\n\n\n<p><strong>Kontakt: <\/strong>Michal VALENTA<br><a href=\"mailto:michal_valenta@volny.cz\">michal_valenta@volny.cz<\/a><\/p>\n\n\n\n<p>Tel. +420 774&nbsp;850&nbsp;830<\/p>\n\n\n\n<p>oder: <a href=\"mailto:burza@ksbc.cz\">burza@ksbc.cz<\/a><\/p>\n\n\n\n<p><a href=\"https:\/\/sucreetsugarcollect.fr\"><\/a><a href=\"http:\/\/www.ksbc.cz\">www.ksbc.cz<\/a><\/p>\n<\/div>\n\n\n\n<div class=\"wp-block-column box is-layout-flow wp-block-column-is-layout-flow\">\n<p class=\"has-text-align-center\"><strong>Saint Lattier, Isere \/ Frankreich (38840 Is\u00e8re)<\/strong><\/p>\n\n\n\n<p class=\"has-text-align-center\"><strong>7. Tauschtag<\/strong><\/p>\n\n\n\n<p>am Samstag, 26.09.2026<\/p>\n\n\n\n<p>von 10:00 \u2013 17:00 Uhr<\/p>\n\n\n\n<p>Salle culturelle (pr\u00e8s de la Mairie)<\/p>\n\n\n\n<p>E-Mail: verscheure.serge@wanadoo.fr<\/p>\n\n\n\n<p><a href=\"https:\/\/sucreetsugarcollect.fr\">https:\/\/sucreetsugarcollect.fr<\/a><\/p>\n<\/div>\n<\/div>\n\n\n\n<div class=\"wp-block-columns is-layout-flex wp-container-core-columns-is-layout-9d6595d7 wp-block-columns-is-layout-flex\">\n<div class=\"wp-block-column box is-layout-flow wp-block-column-is-layout-flow\">\n<p class=\"has-text-align-center\"><strong>Portugal<\/strong><\/p>\n\n\n\n<p class=\"has-text-align-center\"><strong>Portsugar Clupac Tauschtag<\/strong><\/p>\n\n\n\n<p>Tauschort: Campo Maior \u2013 Portugal<\/p>\n\n\n\n<p>vom 11. \u2013 13.09.2026<\/p>\n\n\n\n<p>Kontakt: Adolfo Martins Lopo<\/p>\n\n\n\n<p>E-Mail: presidente.clupac@gmail.com<\/p>\n<\/div>\n\n\n\n<div class=\"wp-block-column box is-layout-flow wp-block-column-is-layout-flow\">\n<p class=\"has-text-align-center\"><strong>Veldhoven &#8211; Niederlande<\/strong><\/p>\n\n\n\n<p>am: Samstag 31.Oktober 2026<\/p>\n\n\n\n<p>von 10:00 &#8211; 16:00 Uhr<\/p>\n\n\n\n<p>Tauschort: Ontmotingcentrum De Ligt<\/p>\n\n\n\n<p>Ligt 157<\/p>\n\n\n\n<p>5503 CA Veldhoven<\/p>\n\n\n\n<p>Weitere Informationen<\/p>\n\n\n\n<p>Jobs Verkaik<\/p>\n\n\n\n<p>Verdilaan 4<\/p>\n\n\n\n<p>3603 Maarssen<\/p>\n\n\n\n<p>Niederlande<\/p>\n\n\n\n<p>www.suikerzak.nl<\/p>\n\n\n\n<p><\/p>\n\n\n\n<p><\/p>\n\n\n\n<p><\/p>\n\n\n\n<p><\/p>\n\n\n\n<p><strong> <\/strong><\/p>\n\n\n\n<p><\/p>\n\n\n\n<p><\/p>\n<\/div>\n<\/div>\n\n\n\n<p><\/p>\n","protected":false},"excerpt":{"rendered":"<p>Alle Tauschtage unter Vorbehalt, bitte vorher beim Veranstalter anfragen. Seligenstadt \/ Hessen DZDF &#8211; Jubil\u00e4umstauschtag Vereinsheim Seligenstadt Steinheimer Stra\u00dfe 47 63500 Seligenstadt 25. April 2026 von 09:30 bis 13:00 Uhr R\u00fcckfrage und Anmeldungen an: Karin R\u00e4del Liebigstra\u00dfe 5 63500 Seligenstadt E-Mail: karin@raedel.com Weitere Informationen: www.zuckersammler.de Magdeburg &#8211; Sachsen-Anhalt EGZ-Jahrestreffen 2026 mit Jahresversammlung vom 07. \u2013 [&hellip;]<\/p>\n","protected":false},"author":2,"featured_media":0,"parent":0,"menu_order":0,"comment_status":"closed","ping_status":"closed","template":"page-templates\/full-width.php","meta":{"footnotes":""},"class_list":["post-5462","page","type-page","status-publish","hentry"],"_links":{"self":[{"href":"https:\/\/zuckersammler.net\/index.php?rest_route=\/wp\/v2\/pages\/5462","targetHints":{"allow":["GET"]}}],"collection":[{"href":"https:\/\/zuckersammler.net\/index.php?rest_route=\/wp\/v2\/pages"}],"about":[{"href":"https:\/\/zuckersammler.net\/index.php?rest_route=\/wp\/v2\/types\/page"}],"author":[{"embeddable":true,"href":"https:\/\/zuckersammler.net\/index.php?rest_route=\/wp\/v2\/users\/2"}],"replies":[{"embeddable":true,"href":"https:\/\/zuckersammler.net\/index.php?rest_route=%2Fwp%2Fv2%2Fcomments&post=5462"}],"version-history":[{"count":17,"href":"https:\/\/zuckersammler.net\/index.php?rest_route=\/wp\/v2\/pages\/5462\/revisions"}],"predecessor-version":[{"id":5511,"href":"https:\/\/zuckersammler.net\/index.php?rest_route=\/wp\/v2\/pages\/5462\/revisions\/5511"}],"wp:attachment":[{"href":"https:\/\/zuckersammler.net\/index.php?rest_route=%2Fwp%2Fv2%2Fmedia&parent=5462"}],"curies":[{"name":"wp","href":"https:\/\/api.w.org\/{rel}","templated":true}]}}