{"id":45,"date":"2021-08-09T09:09:09","date_gmt":"2021-08-09T09:09:09","guid":{"rendered":"https:\/\/zuckersammler.net\/?page_id=45"},"modified":"2024-10-05T18:00:49","modified_gmt":"2024-10-05T18:00:49","slug":"mitgliedschaft","status":"publish","type":"page","link":"https:\/\/zuckersammler.net\/?page_id=45","title":{"rendered":"Mitgliedschaft"},"content":{"rendered":"\n<p>Mitglied der EGZ darf jeder werden. Egal wie gro\u00df oder klein die Sammlung von Zuckerst\u00fccken oder Zuckert\u00fctchen ist.<\/p>\n\n\n\n<p>Der Jahresbeitrag betr\u00e4gt seit 01.01. 2023 <strong>25,00<\/strong>\u20ac.<\/p>\n\n\n\n<p>Wir versenden&nbsp;viermal im Jahr einen Zuckerkurier, in dem die Mitglieder \u00fcber Neuigkeiten informiert werden.<\/p>\n\n\n\n<h4 class=\"wp-block-heading\">Hier sind f\u00fcr Interessierte Aufnahmeformulare in:<\/h4>\n\n\n\n<p><a href=\"http:\/\/zuckersammler.net\/wp-content\/uploads\/2024\/10\/Aufnahme-Antrag-2023.pdf\" data-type=\"link\" data-id=\"http:\/\/zuckersammler.net\/wp-content\/uploads\/2024\/10\/Aufnahme-Antrag-2023.pdf\">Deutsch<\/a> und <a href=\"http:\/\/zuckersammler.net\/wp-content\/uploads\/2024\/10\/Aufnahme-Antrag-englisch-2023.pdf\" data-type=\"link\" data-id=\"http:\/\/zuckersammler.net\/wp-content\/uploads\/2024\/10\/Aufnahme-Antrag-englisch-2023.pdf\">Englisch<\/a><\/p>\n\n\n\n<p><strong>Kontoverbindung: <\/strong><\/p>\n\n\n\n<p>Volksbank Bad Salzuflen<br>Renate D\u00e4mlow &#8211; EGZ &#8211;<br>IBAN : DE 23 4829 1490 0101 37 8600<br>BIC : GENODEM1BSIU<\/p>\n\n\n\n<h4 class=\"wp-block-heading\">Leitung der Gemeinschaft<\/h4>\n\n\n\n<figure class=\"wp-block-table is-style-regular\"><table class=\"has-white-background-color has-background\"><tbody><tr><td class=\"has-text-align-center\" data-align=\"center\"><strong>Renate&nbsp; D\u00e4mlow<\/strong><br>&nbsp;<br>Wilhelm &#8211; Raabe &#8211; Str.&nbsp; 19<br>32105&nbsp; Bad Salzuflen<br>Telefon : 05222 \/ 63 85 69<br>aus dem Ausland +49 5222 \/ 63 85 69<br>E &#8211; Mail :&nbsp; rdamlow@web.de<\/td><td class=\"has-text-align-center\" data-align=\"center\"><strong>Anke und Hans-J\u00fcrgen von Aswege<\/strong><br>&nbsp;<br>Wilhelm &#8211; Raabe &#8211; Str. 19<br>32105&nbsp; Bad&nbsp; Salzuflen<br>Telefon : 01577 &#8211; 64 111 80<br>aus dem Ausland +49&nbsp; 1577 &#8211; 64 111 80<br>E &#8211; Mail :&nbsp; von. aswege@web.de<\/td><\/tr><\/tbody><\/table><\/figure>\n\n\n\n<h4 class=\"wp-block-heading\">T\u00e4tigkeitsfelder der Leitung<\/h4>\n\n\n\n<div class=\"wp-block-columns is-layout-flex wp-container-core-columns-is-layout-9d6595d7 wp-block-columns-is-layout-flex\">\n<div class=\"wp-block-column is-layout-flow wp-block-column-is-layout-flow\">\n<p><strong>Renate D\u00e4mlow<\/strong><br>Tel. 05222 \u2013 63 85 69<\/p>\n\n\n\n<ul class=\"wp-block-list\">\n<li>Schreiben des Zuckerkuriers<\/li>\n\n\n\n<li>F\u00fchrung des EGZ-Kontos<\/li>\n\n\n\n<li>\u201eMitglieder\u201c-Betreuung schriftlich<\/li>\n\n\n\n<li>Erstellung von Serienmitteilungen<\/li>\n\n\n\n<li>Leitung der Tauschtage<\/li>\n<\/ul>\n<\/div>\n\n\n\n<div class=\"wp-block-column is-layout-flow wp-block-column-is-layout-flow\"><div class=\"wp-block-image is-resized\">\n<figure class=\"aligncenter size-full\"><img loading=\"lazy\" decoding=\"async\" width=\"402\" height=\"480\" src=\"https:\/\/zuckersammler.net\/wp-content\/uploads\/2021\/08\/Renate-Daemlow.jpg\" alt=\"\" class=\"wp-image-54\" srcset=\"https:\/\/zuckersammler.net\/wp-content\/uploads\/2021\/08\/Renate-Daemlow.jpg 402w, https:\/\/zuckersammler.net\/wp-content\/uploads\/2021\/08\/Renate-Daemlow-251x300.jpg 251w\" sizes=\"auto, (max-width: 402px) 100vw, 402px\" \/><\/figure>\n<\/div><\/div>\n<\/div>\n\n\n\n<div class=\"wp-block-columns is-layout-flex wp-container-core-columns-is-layout-9d6595d7 wp-block-columns-is-layout-flex\">\n<div class=\"wp-block-column is-layout-flow wp-block-column-is-layout-flow\">\n<p><strong>Anke von Aswege<\/strong><br>Tel. 01577- 6411180<\/p>\n\n\n\n<ul class=\"wp-block-list\">\n<li>Versand des Zuckerkuriers<\/li>\n\n\n\n<li>Ausdrucken der Anschriften f\u00fcr den Versand<\/li>\n\n\n\n<li>Versand von Zuckerexemplaren<\/li>\n\n\n\n<li>Vorbereitungen f\u00fcr die Tauschtage<\/li>\n\n\n\n<li>Fotografie<\/li>\n\n\n\n<li>\u201eMitglieder\u201c-Betreuung telefonisch<\/li>\n<\/ul>\n<\/div>\n\n\n\n<div class=\"wp-block-column is-layout-flow wp-block-column-is-layout-flow\"><div class=\"wp-block-image is-resized\">\n<figure class=\"aligncenter size-full\"><img loading=\"lazy\" decoding=\"async\" width=\"410\" height=\"600\" src=\"https:\/\/zuckersammler.net\/wp-content\/uploads\/2021\/08\/Anke-von-Aswege.jpg\" alt=\"\" class=\"wp-image-55\" srcset=\"https:\/\/zuckersammler.net\/wp-content\/uploads\/2021\/08\/Anke-von-Aswege.jpg 410w, https:\/\/zuckersammler.net\/wp-content\/uploads\/2021\/08\/Anke-von-Aswege-205x300.jpg 205w\" sizes=\"auto, (max-width: 410px) 100vw, 410px\" \/><\/figure>\n<\/div><\/div>\n<\/div>\n\n\n\n<div class=\"wp-block-columns is-layout-flex wp-container-core-columns-is-layout-9d6595d7 wp-block-columns-is-layout-flex\">\n<div class=\"wp-block-column is-layout-flow wp-block-column-is-layout-flow\">\n<p><strong>Hans-J\u00fcrgen von Aswege<\/strong><br>Tel. 01577-6411177<\/p>\n\n\n\n<ul class=\"wp-block-list\">\n<li><a href=\"https:\/\/zuckersammler.net\/?page_id=2453\" data-type=\"link\" data-id=\"https:\/\/zuckersammler.net\/?page_id=2453\">Webmaster<\/a><\/li>\n\n\n\n<li>Fotografie<\/li>\n\n\n\n<li>Bildbearbeitung &amp; Bildverarbeitung<\/li>\n\n\n\n<li>\u00dcberwachen und Aktualisierung der Eintragungen in der Homepage<\/li>\n\n\n\n<li>Herstellen der Mitgliedskarten<\/li>\n\n\n\n<li>Hilfe bei den Tauschtagen<\/li>\n\n\n\n<li>F\u00fchren des Sammlerverzeichnis<\/li>\n<\/ul>\n<\/div>\n\n\n\n<div class=\"wp-block-column is-layout-flow wp-block-column-is-layout-flow\"><div class=\"wp-block-image is-resized\">\n<figure class=\"aligncenter size-full\"><img loading=\"lazy\" decoding=\"async\" width=\"321\" height=\"427\" src=\"https:\/\/zuckersammler.net\/wp-content\/uploads\/2021\/08\/Hans-Juergen-von-Aswege.jpg\" alt=\"\" class=\"wp-image-56\" srcset=\"https:\/\/zuckersammler.net\/wp-content\/uploads\/2021\/08\/Hans-Juergen-von-Aswege.jpg 321w, https:\/\/zuckersammler.net\/wp-content\/uploads\/2021\/08\/Hans-Juergen-von-Aswege-226x300.jpg 226w\" sizes=\"auto, (max-width: 321px) 100vw, 321px\" \/><\/figure>\n<\/div><\/div>\n<\/div>\n","protected":false},"excerpt":{"rendered":"<p>Mitglied der EGZ darf jeder werden. Egal wie gro\u00df oder klein die Sammlung von Zuckerst\u00fccken oder Zuckert\u00fctchen ist. Der Jahresbeitrag betr\u00e4gt seit 01.01. 2023 25,00\u20ac. Wir versenden&nbsp;viermal im Jahr einen Zuckerkurier, in dem die Mitglieder \u00fcber Neuigkeiten informiert werden. Hier sind f\u00fcr Interessierte Aufnahmeformulare in: Deutsch und Englisch Kontoverbindung: Volksbank Bad SalzuflenRenate D\u00e4mlow &#8211; EGZ [&hellip;]<\/p>\n","protected":false},"author":1,"featured_media":0,"parent":0,"menu_order":0,"comment_status":"closed","ping_status":"closed","template":"page-templates\/full-width.php","meta":{"footnotes":""},"class_list":["post-45","page","type-page","status-publish","hentry"],"_links":{"self":[{"href":"https:\/\/zuckersammler.net\/index.php?rest_route=\/wp\/v2\/pages\/45","targetHints":{"allow":["GET"]}}],"collection":[{"href":"https:\/\/zuckersammler.net\/index.php?rest_route=\/wp\/v2\/pages"}],"about":[{"href":"https:\/\/zuckersammler.net\/index.php?rest_route=\/wp\/v2\/types\/page"}],"author":[{"embeddable":true,"href":"https:\/\/zuckersammler.net\/index.php?rest_route=\/wp\/v2\/users\/1"}],"replies":[{"embeddable":true,"href":"https:\/\/zuckersammler.net\/index.php?rest_route=%2Fwp%2Fv2%2Fcomments&post=45"}],"version-history":[{"count":17,"href":"https:\/\/zuckersammler.net\/index.php?rest_route=\/wp\/v2\/pages\/45\/revisions"}],"predecessor-version":[{"id":3670,"href":"https:\/\/zuckersammler.net\/index.php?rest_route=\/wp\/v2\/pages\/45\/revisions\/3670"}],"wp:attachment":[{"href":"https:\/\/zuckersammler.net\/index.php?rest_route=%2Fwp%2Fv2%2Fmedia&parent=45"}],"curies":[{"name":"wp","href":"https:\/\/api.w.org\/{rel}","templated":true}]}}