{"id":4333,"date":"2024-12-06T16:46:17","date_gmt":"2024-12-06T16:46:17","guid":{"rendered":"https:\/\/zuckersammler.net\/?page_id=4333"},"modified":"2025-01-12T21:33:32","modified_gmt":"2025-01-12T21:33:32","slug":"die-egz-in-den-medien","status":"publish","type":"page","link":"https:\/\/zuckersammler.net\/?page_id=4333","title":{"rendered":"Die EGZ in den Medien"},"content":{"rendered":"\n<p class=\"has-text-align-center\">Wir freuen uns, dass unser au\u00dfergew\u00f6hnlich seltenes Hobby auch Interesse in den Medien findet.<\/p>\n\n\n\n<p class=\"has-text-align-center\">Am 05. Dezember 2024 erhielt ich eine Mail vom SWR Fernsehen mit folgendem Inhalt:<\/p>\n\n\n<div class=\"wp-block-image is-style-default\">\n<figure data-wp-context=\"{&quot;imageId&quot;:&quot;69ddf9cdb43d2&quot;}\" data-wp-interactive=\"core\/image\" data-wp-key=\"69ddf9cdb43d2\" class=\"aligncenter size-full is-resized wp-lightbox-container\"><img loading=\"lazy\" decoding=\"async\" width=\"80\" height=\"80\" data-wp-class--hide=\"state.isContentHidden\" data-wp-class--show=\"state.isContentVisible\" data-wp-init=\"callbacks.setButtonStyles\" data-wp-on--click=\"actions.showLightbox\" data-wp-on--load=\"callbacks.setButtonStyles\" data-wp-on-window--resize=\"callbacks.setButtonStyles\" src=\"https:\/\/zuckersammler.net\/wp-content\/uploads\/2024\/12\/swr_logo.jpg\" alt=\"\" class=\"wp-image-4336\" style=\"width:163px;height:auto\"\/><button\n\t\t\tclass=\"lightbox-trigger\"\n\t\t\ttype=\"button\"\n\t\t\taria-haspopup=\"dialog\"\n\t\t\taria-label=\"Vergr\u00f6\u00dfern\"\n\t\t\tdata-wp-init=\"callbacks.initTriggerButton\"\n\t\t\tdata-wp-on--click=\"actions.showLightbox\"\n\t\t\tdata-wp-style--right=\"state.imageButtonRight\"\n\t\t\tdata-wp-style--top=\"state.imageButtonTop\"\n\t\t>\n\t\t\t<svg xmlns=\"http:\/\/www.w3.org\/2000\/svg\" width=\"12\" height=\"12\" fill=\"none\" viewBox=\"0 0 12 12\">\n\t\t\t\t<path fill=\"#fff\" d=\"M2 0a2 2 0 0 0-2 2v2h1.5V2a.5.5 0 0 1 .5-.5h2V0H2Zm2 10.5H2a.5.5 0 0 1-.5-.5V8H0v2a2 2 0 0 0 2 2h2v-1.5ZM8 12v-1.5h2a.5.5 0 0 0 .5-.5V8H12v2a2 2 0 0 1-2 2H8Zm2-12a2 2 0 0 1 2 2v2h-1.5V2a.5.5 0 0 0-.5-.5H8V0h2Z\" \/>\n\t\t\t<\/svg>\n\t\t<\/button><\/figure>\n<\/div>\n\n\n<p class=\"has-text-align-center\">Wir sind das Online-Team der SWR Landesschau Rheinland-Pfalz und k\u00f6nnen als \u00f6ffentlich-rechtliches Angebot unsere Onlineinhalte f\u00fcr eine m\u00f6gliche Verlinkung oder Einbettung kostenlos anbieten.&nbsp;<\/p>\n\n\n\n<p class=\"has-text-align-center\">Bei unserer Recherche nach passenden Distributionspartnern ist uns Ihre Seite aufgefallen&nbsp;und wir w\u00fcrden Sie gerne auf den unten genauer beschriebenen Inhalt aufmerksam machen:<strong>&nbsp;&#8222;Walter Paulen sammelt Zucker&#8220;&nbsp;<\/strong>aus&nbsp;dem Online-Portal der Landesschau Rheinland-Pfalz.<\/p>\n\n\n<p><iframe loading=\"lazy\" src=\"https:\/\/www.swrfernsehen.de\/~embed\/landesschau-rp\/walter-paulen-sammelt-zucker-100.html?\" width=\"640\" height=\"360\" frameborder=\"0\" allowfullscreen=\"allowfullscreen\"><\/p>\n<p><\/iframe><\/p>\n\n\n<p class=\"has-text-align-center\"><strong>Bei RTL West am 09.01. 2025 zu sehen:<\/strong><\/p>\n\n\n<div class=\"wp-block-image\">\n<figure data-wp-context=\"{&quot;imageId&quot;:&quot;69ddf9cdb47d3&quot;}\" data-wp-interactive=\"core\/image\" data-wp-key=\"69ddf9cdb47d3\" class=\"aligncenter size-full is-resized wp-lightbox-container\"><img loading=\"lazy\" decoding=\"async\" width=\"333\" height=\"187\" data-wp-class--hide=\"state.isContentHidden\" data-wp-class--show=\"state.isContentVisible\" data-wp-init=\"callbacks.setButtonStyles\" data-wp-on--click=\"actions.showLightbox\" data-wp-on--load=\"callbacks.setButtonStyles\" data-wp-on-window--resize=\"callbacks.setButtonStyles\" src=\"https:\/\/zuckersammler.net\/wp-content\/uploads\/2025\/01\/rtl-west_logo.jpg\" alt=\"\" class=\"wp-image-4391\" style=\"width:163px;height:auto\" title=\"R\u00fcckseite\" srcset=\"https:\/\/zuckersammler.net\/wp-content\/uploads\/2025\/01\/rtl-west_logo.jpg 333w, https:\/\/zuckersammler.net\/wp-content\/uploads\/2025\/01\/rtl-west_logo-300x168.jpg 300w\" sizes=\"auto, (max-width: 333px) 100vw, 333px\" \/><button\n\t\t\tclass=\"lightbox-trigger\"\n\t\t\ttype=\"button\"\n\t\t\taria-haspopup=\"dialog\"\n\t\t\taria-label=\"Vergr\u00f6\u00dfern\"\n\t\t\tdata-wp-init=\"callbacks.initTriggerButton\"\n\t\t\tdata-wp-on--click=\"actions.showLightbox\"\n\t\t\tdata-wp-style--right=\"state.imageButtonRight\"\n\t\t\tdata-wp-style--top=\"state.imageButtonTop\"\n\t\t>\n\t\t\t<svg xmlns=\"http:\/\/www.w3.org\/2000\/svg\" width=\"12\" height=\"12\" fill=\"none\" viewBox=\"0 0 12 12\">\n\t\t\t\t<path fill=\"#fff\" d=\"M2 0a2 2 0 0 0-2 2v2h1.5V2a.5.5 0 0 1 .5-.5h2V0H2Zm2 10.5H2a.5.5 0 0 1-.5-.5V8H0v2a2 2 0 0 0 2 2h2v-1.5ZM8 12v-1.5h2a.5.5 0 0 0 .5-.5V8H12v2a2 2 0 0 1-2 2H8Zm2-12a2 2 0 0 1 2 2v2h-1.5V2a.5.5 0 0 0-.5-.5H8V0h2Z\" \/>\n\t\t\t<\/svg>\n\t\t<\/button><\/figure>\n<\/div>\n\n\n<p class=\"has-text-align-center\"><strong><a href=\"https:\/\/www.rtl.de\/videos\/suesse-sammlung-in-bad-salzuflen-677fee47d48f6b35af064f53.html\" data-type=\"link\" data-id=\"https:\/\/www.rtl.de\/videos\/suesse-sammlung-in-bad-salzuflen-677fee47d48f6b35af064f53.html\">S\u00fc\u00dfe Sammlung in Bad Salzuflen<\/a><\/strong><\/p>\n\n\n<div class=\"wp-block-image\">\n<figure class=\"aligncenter size-full is-resized\"><img loading=\"lazy\" decoding=\"async\" width=\"1920\" height=\"1084\" src=\"https:\/\/zuckersammler.net\/wp-content\/uploads\/2025\/01\/RD-auf-RTL-West.jpg\" alt=\"\" class=\"wp-image-4406\" style=\"width:480px;height:auto\" srcset=\"https:\/\/zuckersammler.net\/wp-content\/uploads\/2025\/01\/RD-auf-RTL-West.jpg 1920w, https:\/\/zuckersammler.net\/wp-content\/uploads\/2025\/01\/RD-auf-RTL-West-300x169.jpg 300w, https:\/\/zuckersammler.net\/wp-content\/uploads\/2025\/01\/RD-auf-RTL-West-1024x578.jpg 1024w, https:\/\/zuckersammler.net\/wp-content\/uploads\/2025\/01\/RD-auf-RTL-West-768x434.jpg 768w, https:\/\/zuckersammler.net\/wp-content\/uploads\/2025\/01\/RD-auf-RTL-West-1536x867.jpg 1536w, https:\/\/zuckersammler.net\/wp-content\/uploads\/2025\/01\/RD-auf-RTL-West-750x423.jpg 750w, https:\/\/zuckersammler.net\/wp-content\/uploads\/2025\/01\/RD-auf-RTL-West-480x270.jpg 480w\" sizes=\"auto, (max-width: 1920px) 100vw, 1920px\" \/><\/figure>\n<\/div>","protected":false},"excerpt":{"rendered":"<p>Wir freuen uns, dass unser au\u00dfergew\u00f6hnlich seltenes Hobby auch Interesse in den Medien findet. Am 05. Dezember 2024 erhielt ich eine Mail vom SWR Fernsehen mit folgendem Inhalt: Wir sind das Online-Team der SWR Landesschau Rheinland-Pfalz und k\u00f6nnen als \u00f6ffentlich-rechtliches Angebot unsere Onlineinhalte f\u00fcr eine m\u00f6gliche Verlinkung oder Einbettung kostenlos anbieten.&nbsp; Bei unserer Recherche nach [&hellip;]<\/p>\n","protected":false},"author":2,"featured_media":0,"parent":0,"menu_order":0,"comment_status":"closed","ping_status":"closed","template":"page-templates\/full-width.php","meta":{"footnotes":""},"class_list":["post-4333","page","type-page","status-publish","hentry"],"_links":{"self":[{"href":"https:\/\/zuckersammler.net\/index.php?rest_route=\/wp\/v2\/pages\/4333","targetHints":{"allow":["GET"]}}],"collection":[{"href":"https:\/\/zuckersammler.net\/index.php?rest_route=\/wp\/v2\/pages"}],"about":[{"href":"https:\/\/zuckersammler.net\/index.php?rest_route=\/wp\/v2\/types\/page"}],"author":[{"embeddable":true,"href":"https:\/\/zuckersammler.net\/index.php?rest_route=\/wp\/v2\/users\/2"}],"replies":[{"embeddable":true,"href":"https:\/\/zuckersammler.net\/index.php?rest_route=%2Fwp%2Fv2%2Fcomments&post=4333"}],"version-history":[{"count":19,"href":"https:\/\/zuckersammler.net\/index.php?rest_route=\/wp\/v2\/pages\/4333\/revisions"}],"predecessor-version":[{"id":4409,"href":"https:\/\/zuckersammler.net\/index.php?rest_route=\/wp\/v2\/pages\/4333\/revisions\/4409"}],"wp:attachment":[{"href":"https:\/\/zuckersammler.net\/index.php?rest_route=%2Fwp%2Fv2%2Fmedia&parent=4333"}],"curies":[{"name":"wp","href":"https:\/\/api.w.org\/{rel}","templated":true}]}}