{"id":29,"date":"2021-08-09T08:52:15","date_gmt":"2021-08-09T08:52:15","guid":{"rendered":"https:\/\/zuckersammler.net\/?page_id=29"},"modified":"2025-12-04T12:39:16","modified_gmt":"2025-12-04T12:39:16","slug":"ueber-uns","status":"publish","type":"page","link":"https:\/\/zuckersammler.net\/?page_id=29","title":{"rendered":"\u00dcber uns"},"content":{"rendered":"\n<p>Wir sind kein Verein, der festgeschriebene Regeln haben m\u00fcsste. Unsere EGZ ist eine lose Interessengemeinschaft.<\/p>\n\n\n\n<p>In unserer Gemeinschaft gibt es Sammlerinnen und Sammler aus:<\/p>\n\n\n\n<ul class=\"wp-block-list\">\n<li><strong>Deutschland<\/strong><\/li>\n\n\n\n<li><strong>Tschechische Republik<\/strong><\/li>\n\n\n\n<li><strong>Niederlande<\/strong><\/li>\n\n\n\n<li><strong>Luxemburg<\/strong><\/li>\n\n\n\n<li><strong>Frankreich<\/strong><\/li>\n\n\n\n<li><strong>Schweiz<\/strong><\/li>\n\n\n\n<li><strong>\u00d6sterreich<\/strong><\/li>\n\n\n\n<li><strong>Italien<\/strong><\/li>\n\n\n\n<li><strong>Spanien<\/strong><\/li>\n\n\n\n<li><strong>Portugal<\/strong><\/li>\n<\/ul>\n\n\n\n<p>Wir sammeln alle verpackten Zucker in den verschiedensten Formen:<\/p>\n\n\n\n<figure class=\"wp-block-gallery has-nested-images columns-default is-cropped wp-block-gallery-1 is-layout-flex wp-block-gallery-is-layout-flex\">\n<figure class=\"wp-block-image size-full\"><img loading=\"lazy\" decoding=\"async\" width=\"418\" height=\"317\" data-id=\"31\" src=\"https:\/\/zuckersammler.net\/wp-content\/uploads\/2021\/08\/Zuckerwuerfel-3.jpg\" alt=\"\" class=\"wp-image-31\" srcset=\"https:\/\/zuckersammler.net\/wp-content\/uploads\/2021\/08\/Zuckerwuerfel-3.jpg 418w, https:\/\/zuckersammler.net\/wp-content\/uploads\/2021\/08\/Zuckerwuerfel-3-300x228.jpg 300w\" sizes=\"auto, (max-width: 418px) 100vw, 418px\" \/><\/figure>\n\n\n\n<figure class=\"wp-block-image size-full\"><img loading=\"lazy\" decoding=\"async\" width=\"409\" height=\"301\" data-id=\"30\" src=\"https:\/\/zuckersammler.net\/wp-content\/uploads\/2021\/08\/Zuckerhuete-1.jpg\" alt=\"\" class=\"wp-image-30\" srcset=\"https:\/\/zuckersammler.net\/wp-content\/uploads\/2021\/08\/Zuckerhuete-1.jpg 409w, https:\/\/zuckersammler.net\/wp-content\/uploads\/2021\/08\/Zuckerhuete-1-300x221.jpg 300w\" sizes=\"auto, (max-width: 409px) 100vw, 409px\" \/><\/figure>\n\n\n\n<figure class=\"wp-block-image size-full\"><img loading=\"lazy\" decoding=\"async\" width=\"418\" height=\"312\" data-id=\"32\" src=\"https:\/\/zuckersammler.net\/wp-content\/uploads\/2021\/08\/Zuckerwuerfel-4.jpg\" alt=\"\" class=\"wp-image-32\" srcset=\"https:\/\/zuckersammler.net\/wp-content\/uploads\/2021\/08\/Zuckerwuerfel-4.jpg 418w, https:\/\/zuckersammler.net\/wp-content\/uploads\/2021\/08\/Zuckerwuerfel-4-300x224.jpg 300w\" sizes=\"auto, (max-width: 418px) 100vw, 418px\" \/><\/figure>\n\n\n\n<figure class=\"wp-block-image size-large\"><img loading=\"lazy\" decoding=\"async\" width=\"1024\" height=\"768\" data-id=\"33\" src=\"https:\/\/zuckersammler.net\/wp-content\/uploads\/2021\/08\/Zuckerwuerfel_1920-1024x768.jpg\" alt=\"\" class=\"wp-image-33\" srcset=\"https:\/\/zuckersammler.net\/wp-content\/uploads\/2021\/08\/Zuckerwuerfel_1920-1024x768.jpg 1024w, https:\/\/zuckersammler.net\/wp-content\/uploads\/2021\/08\/Zuckerwuerfel_1920-300x225.jpg 300w, https:\/\/zuckersammler.net\/wp-content\/uploads\/2021\/08\/Zuckerwuerfel_1920-768x576.jpg 768w, https:\/\/zuckersammler.net\/wp-content\/uploads\/2021\/08\/Zuckerwuerfel_1920-1536x1152.jpg 1536w, https:\/\/zuckersammler.net\/wp-content\/uploads\/2021\/08\/Zuckerwuerfel_1920-750x563.jpg 750w, https:\/\/zuckersammler.net\/wp-content\/uploads\/2021\/08\/Zuckerwuerfel_1920-500x375.jpg 500w, https:\/\/zuckersammler.net\/wp-content\/uploads\/2021\/08\/Zuckerwuerfel_1920.jpg 1920w\" sizes=\"auto, (max-width: 1024px) 100vw, 1024px\" \/><\/figure>\n<\/figure>\n\n\n\n<p><\/p>\n\n\n<\/p>\n\n\n<p>Wir veranstalteten bis 2020 im Jahr zwei verschiedene Sammlertreffen. Die Veranstaltungen fanden bis 2020 einerseits im M\u00e4rz oder April in Berlin als Berliner Treffen statt. Jeweils im Mai oder Juni treffen wir uns in irgendeinem Ort in Deutschland. Dieser Ort wird in jedem Jahr gewechselt, mal in S\u00fcddeutschland, mal im Norden oder auch dann mal in der Mitte unseres Landes. So, dass jeder Teilnehmer auch mal in den Genuss eines n\u00e4heren Tauschortes kommt.<\/p>\n\n\n\n<figure class=\"wp-block-gallery has-nested-images columns-default is-cropped wp-block-gallery-3 is-layout-flex wp-block-gallery-is-layout-flex\">\n<figure data-wp-context=\"{&quot;imageId&quot;:&quot;69f25dacedb9e&quot;}\" data-wp-interactive=\"core\/image\" data-wp-key=\"69f25dacedb9e\" class=\"wp-block-image size-full is-style-default wp-duotone-unset-2 wp-lightbox-container\"><img loading=\"lazy\" decoding=\"async\" width=\"325\" height=\"53\" data-wp-class--hide=\"state.isContentHidden\" data-wp-class--show=\"state.isContentVisible\" data-wp-init=\"callbacks.setButtonStyles\" data-wp-on--click=\"actions.showLightbox\" data-wp-on--load=\"callbacks.setButtonStyles\" data-wp-on-window--resize=\"callbacks.setButtonStyles\" data-id=\"3231\" src=\"http:\/\/zuckersammler.net\/wp-content\/uploads\/2024\/04\/Suedzucker_Blumen_05-V.jpg\" alt=\"\" class=\"wp-image-3231\" title=\"\" srcset=\"https:\/\/zuckersammler.net\/wp-content\/uploads\/2024\/04\/Suedzucker_Blumen_05-V.jpg 325w, https:\/\/zuckersammler.net\/wp-content\/uploads\/2024\/04\/Suedzucker_Blumen_05-V-300x49.jpg 300w\" sizes=\"auto, (max-width: 325px) 100vw, 325px\" \/><button\n\t\t\tclass=\"lightbox-trigger\"\n\t\t\ttype=\"button\"\n\t\t\taria-haspopup=\"dialog\"\n\t\t\taria-label=\"Vergr\u00f6\u00dfern\"\n\t\t\tdata-wp-init=\"callbacks.initTriggerButton\"\n\t\t\tdata-wp-on--click=\"actions.showLightbox\"\n\t\t\tdata-wp-style--right=\"state.imageButtonRight\"\n\t\t\tdata-wp-style--top=\"state.imageButtonTop\"\n\t\t>\n\t\t\t<svg xmlns=\"http:\/\/www.w3.org\/2000\/svg\" width=\"12\" height=\"12\" fill=\"none\" viewBox=\"0 0 12 12\">\n\t\t\t\t<path fill=\"#fff\" d=\"M2 0a2 2 0 0 0-2 2v2h1.5V2a.5.5 0 0 1 .5-.5h2V0H2Zm2 10.5H2a.5.5 0 0 1-.5-.5V8H0v2a2 2 0 0 0 2 2h2v-1.5ZM8 12v-1.5h2a.5.5 0 0 0 .5-.5V8H12v2a2 2 0 0 1-2 2H8Zm2-12a2 2 0 0 1 2 2v2h-1.5V2a.5.5 0 0 0-.5-.5H8V0h2Z\" \/>\n\t\t\t<\/svg>\n\t\t<\/button><\/figure>\n\n\n\n<figure data-wp-context=\"{&quot;imageId&quot;:&quot;69f25dacedea7&quot;}\" data-wp-interactive=\"core\/image\" data-wp-key=\"69f25dacedea7\" class=\"wp-block-image size-full is-style-default wp-lightbox-container\"><img loading=\"lazy\" decoding=\"async\" width=\"323\" height=\"52\" data-wp-class--hide=\"state.isContentHidden\" data-wp-class--show=\"state.isContentVisible\" data-wp-init=\"callbacks.setButtonStyles\" data-wp-on--click=\"actions.showLightbox\" data-wp-on--load=\"callbacks.setButtonStyles\" data-wp-on-window--resize=\"callbacks.setButtonStyles\" data-id=\"3232\" src=\"http:\/\/zuckersammler.net\/wp-content\/uploads\/2024\/04\/Suedzucker_Blumen_05-R.jpg\" alt=\"\" class=\"wp-image-3232\" title=\"R\u00fcckseite\" srcset=\"https:\/\/zuckersammler.net\/wp-content\/uploads\/2024\/04\/Suedzucker_Blumen_05-R.jpg 323w, https:\/\/zuckersammler.net\/wp-content\/uploads\/2024\/04\/Suedzucker_Blumen_05-R-300x48.jpg 300w\" sizes=\"auto, (max-width: 323px) 100vw, 323px\" \/><button\n\t\t\tclass=\"lightbox-trigger\"\n\t\t\ttype=\"button\"\n\t\t\taria-haspopup=\"dialog\"\n\t\t\taria-label=\"Vergr\u00f6\u00dfern\"\n\t\t\tdata-wp-init=\"callbacks.initTriggerButton\"\n\t\t\tdata-wp-on--click=\"actions.showLightbox\"\n\t\t\tdata-wp-style--right=\"state.imageButtonRight\"\n\t\t\tdata-wp-style--top=\"state.imageButtonTop\"\n\t\t>\n\t\t\t<svg xmlns=\"http:\/\/www.w3.org\/2000\/svg\" width=\"12\" height=\"12\" fill=\"none\" viewBox=\"0 0 12 12\">\n\t\t\t\t<path fill=\"#fff\" d=\"M2 0a2 2 0 0 0-2 2v2h1.5V2a.5.5 0 0 1 .5-.5h2V0H2Zm2 10.5H2a.5.5 0 0 1-.5-.5V8H0v2a2 2 0 0 0 2 2h2v-1.5ZM8 12v-1.5h2a.5.5 0 0 0 .5-.5V8H12v2a2 2 0 0 1-2 2H8Zm2-12a2 2 0 0 1 2 2v2h-1.5V2a.5.5 0 0 0-.5-.5H8V0h2Z\" \/>\n\t\t\t<\/svg>\n\t\t<\/button><\/figure>\n<\/figure>\n\n\n\n<p>Unser Anliegen ist es, Sammlerinnen und Sammlern das Hobby n\u00e4her zu bringen. Unsere Tauschtage dienen einerseits dazu, die doppelten Zuckert\u00fcten, -st\u00fccke, \u2013sticks oder Tetraeder tauschen zu k\u00f6nnen. Andererseits dient der Austausch auch dazu, sich Anregungen \u00fcber das Sammeln zu holen.<\/p>\n\n\n\n<p>F\u00fcr den Tauschtag gibt es f\u00fcr uns nur eine kleine Regel: Alle beginnen gleichzeitig zur festgesetzten Zeit. Weiter gibt es keine besonderen Regeln. Jeder Teilnehmer oder jede Teilnehmerin nimmt sich aus den K\u00e4sten anderer Sammler die Exemplare heraus, von denen er oder sie meint, dass die Fundst\u00fccke noch in der eigenen Sammlung fehlen.<\/p>\n\n\n\n<figure class=\"wp-block-gallery has-nested-images columns-default is-cropped wp-block-gallery-5 is-layout-flex wp-block-gallery-is-layout-flex\">\n<figure data-wp-context=\"{&quot;imageId&quot;:&quot;69f25dacee225&quot;}\" data-wp-interactive=\"core\/image\" data-wp-key=\"69f25dacee225\" class=\"wp-block-image size-full is-style-default wp-duotone-unset-4 wp-lightbox-container\"><img loading=\"lazy\" decoding=\"async\" width=\"321\" height=\"54\" data-wp-class--hide=\"state.isContentHidden\" data-wp-class--show=\"state.isContentVisible\" data-wp-init=\"callbacks.setButtonStyles\" data-wp-on--click=\"actions.showLightbox\" data-wp-on--load=\"callbacks.setButtonStyles\" data-wp-on-window--resize=\"callbacks.setButtonStyles\" data-id=\"3229\" src=\"http:\/\/zuckersammler.net\/wp-content\/uploads\/2024\/04\/Suedzucker_Blumen_04-V.jpg\" alt=\"\" class=\"wp-image-3229\" title=\"\" srcset=\"https:\/\/zuckersammler.net\/wp-content\/uploads\/2024\/04\/Suedzucker_Blumen_04-V.jpg 321w, https:\/\/zuckersammler.net\/wp-content\/uploads\/2024\/04\/Suedzucker_Blumen_04-V-300x50.jpg 300w\" sizes=\"auto, (max-width: 321px) 100vw, 321px\" \/><button\n\t\t\tclass=\"lightbox-trigger\"\n\t\t\ttype=\"button\"\n\t\t\taria-haspopup=\"dialog\"\n\t\t\taria-label=\"Vergr\u00f6\u00dfern\"\n\t\t\tdata-wp-init=\"callbacks.initTriggerButton\"\n\t\t\tdata-wp-on--click=\"actions.showLightbox\"\n\t\t\tdata-wp-style--right=\"state.imageButtonRight\"\n\t\t\tdata-wp-style--top=\"state.imageButtonTop\"\n\t\t>\n\t\t\t<svg xmlns=\"http:\/\/www.w3.org\/2000\/svg\" width=\"12\" height=\"12\" fill=\"none\" viewBox=\"0 0 12 12\">\n\t\t\t\t<path fill=\"#fff\" d=\"M2 0a2 2 0 0 0-2 2v2h1.5V2a.5.5 0 0 1 .5-.5h2V0H2Zm2 10.5H2a.5.5 0 0 1-.5-.5V8H0v2a2 2 0 0 0 2 2h2v-1.5ZM8 12v-1.5h2a.5.5 0 0 0 .5-.5V8H12v2a2 2 0 0 1-2 2H8Zm2-12a2 2 0 0 1 2 2v2h-1.5V2a.5.5 0 0 0-.5-.5H8V0h2Z\" \/>\n\t\t\t<\/svg>\n\t\t<\/button><\/figure>\n\n\n\n<figure data-wp-context=\"{&quot;imageId&quot;:&quot;69f25dacee473&quot;}\" data-wp-interactive=\"core\/image\" data-wp-key=\"69f25dacee473\" class=\"wp-block-image size-full is-style-default wp-lightbox-container\"><img loading=\"lazy\" decoding=\"async\" width=\"319\" height=\"54\" data-wp-class--hide=\"state.isContentHidden\" data-wp-class--show=\"state.isContentVisible\" data-wp-init=\"callbacks.setButtonStyles\" data-wp-on--click=\"actions.showLightbox\" data-wp-on--load=\"callbacks.setButtonStyles\" data-wp-on-window--resize=\"callbacks.setButtonStyles\" data-id=\"3230\" src=\"http:\/\/zuckersammler.net\/wp-content\/uploads\/2024\/04\/Suedzucker_Blumen_04-R.jpg\" alt=\"\" class=\"wp-image-3230\" title=\"R\u00fcckseite\" srcset=\"https:\/\/zuckersammler.net\/wp-content\/uploads\/2024\/04\/Suedzucker_Blumen_04-R.jpg 319w, https:\/\/zuckersammler.net\/wp-content\/uploads\/2024\/04\/Suedzucker_Blumen_04-R-300x51.jpg 300w\" sizes=\"auto, (max-width: 319px) 100vw, 319px\" \/><button\n\t\t\tclass=\"lightbox-trigger\"\n\t\t\ttype=\"button\"\n\t\t\taria-haspopup=\"dialog\"\n\t\t\taria-label=\"Vergr\u00f6\u00dfern\"\n\t\t\tdata-wp-init=\"callbacks.initTriggerButton\"\n\t\t\tdata-wp-on--click=\"actions.showLightbox\"\n\t\t\tdata-wp-style--right=\"state.imageButtonRight\"\n\t\t\tdata-wp-style--top=\"state.imageButtonTop\"\n\t\t>\n\t\t\t<svg xmlns=\"http:\/\/www.w3.org\/2000\/svg\" width=\"12\" height=\"12\" fill=\"none\" viewBox=\"0 0 12 12\">\n\t\t\t\t<path fill=\"#fff\" d=\"M2 0a2 2 0 0 0-2 2v2h1.5V2a.5.5 0 0 1 .5-.5h2V0H2Zm2 10.5H2a.5.5 0 0 1-.5-.5V8H0v2a2 2 0 0 0 2 2h2v-1.5ZM8 12v-1.5h2a.5.5 0 0 0 .5-.5V8H12v2a2 2 0 0 1-2 2H8Zm2-12a2 2 0 0 1 2 2v2h-1.5V2a.5.5 0 0 0-.5-.5H8V0h2Z\" \/>\n\t\t\t<\/svg>\n\t\t<\/button><\/figure>\n<\/figure>\n\n\n\n<p>Bei dem EGZ Treffen irgendwo in Deutschland findet auch eine sogenannte Jahresversammlung statt (in einem Verein auch Mitgliederversammlung genannt). Zu diesem Jahrestreffen kommen zwischen 20 und 40 Personen. Hier werden unter Anderem Vorschl\u00e4ge f\u00fcr den n\u00e4chsten Tauschort gemacht. Ebenso wird \u00fcber einen passenden Zeitpunkt beraten. Per Abstimmung wird dann festgelegt, wo und wann wir im n\u00e4chsten Jahr unser n\u00e4chstes Treffen haben werden.<\/p>\n\n\n\n<p>Wir treffen uns von Donnerstag bis Sonntag (oder auch Samstag). Unsere langfristige Planung macht es m\u00f6glich, dass wir zu g\u00fcnstigen Preisen \u00fcbernachten und meistens auch im gleichen Haus tauschen k\u00f6nnen. Die Kosten f\u00fcr das Hotel tr\u00e4gt jeder selbst.<\/p>\n\n\n\n<p>Die Treffen verbinden wir neben dem Tauschen auch immer mit etwas Kulturellem. Wir machen jeweils am Freitag eine Busrundfahrt, um die Umgebung kennenzulernen. <\/p>\n\n\n\n<figure class=\"wp-block-gallery has-nested-images columns-default is-cropped wp-block-gallery-7 is-layout-flex wp-block-gallery-is-layout-flex\">\n<figure data-wp-context=\"{&quot;imageId&quot;:&quot;69f25dacee80a&quot;}\" data-wp-interactive=\"core\/image\" data-wp-key=\"69f25dacee80a\" class=\"wp-block-image size-full is-style-default wp-duotone-unset-6 wp-lightbox-container\"><img loading=\"lazy\" decoding=\"async\" width=\"326\" height=\"52\" data-wp-class--hide=\"state.isContentHidden\" data-wp-class--show=\"state.isContentVisible\" data-wp-init=\"callbacks.setButtonStyles\" data-wp-on--click=\"actions.showLightbox\" data-wp-on--load=\"callbacks.setButtonStyles\" data-wp-on-window--resize=\"callbacks.setButtonStyles\" data-id=\"3227\" src=\"http:\/\/zuckersammler.net\/wp-content\/uploads\/2024\/04\/Suedzucker_Blumen_03-V.jpg\" alt=\"\" class=\"wp-image-3227\" title=\"\" srcset=\"https:\/\/zuckersammler.net\/wp-content\/uploads\/2024\/04\/Suedzucker_Blumen_03-V.jpg 326w, https:\/\/zuckersammler.net\/wp-content\/uploads\/2024\/04\/Suedzucker_Blumen_03-V-300x48.jpg 300w\" sizes=\"auto, (max-width: 326px) 100vw, 326px\" \/><button\n\t\t\tclass=\"lightbox-trigger\"\n\t\t\ttype=\"button\"\n\t\t\taria-haspopup=\"dialog\"\n\t\t\taria-label=\"Vergr\u00f6\u00dfern\"\n\t\t\tdata-wp-init=\"callbacks.initTriggerButton\"\n\t\t\tdata-wp-on--click=\"actions.showLightbox\"\n\t\t\tdata-wp-style--right=\"state.imageButtonRight\"\n\t\t\tdata-wp-style--top=\"state.imageButtonTop\"\n\t\t>\n\t\t\t<svg xmlns=\"http:\/\/www.w3.org\/2000\/svg\" width=\"12\" height=\"12\" fill=\"none\" viewBox=\"0 0 12 12\">\n\t\t\t\t<path fill=\"#fff\" d=\"M2 0a2 2 0 0 0-2 2v2h1.5V2a.5.5 0 0 1 .5-.5h2V0H2Zm2 10.5H2a.5.5 0 0 1-.5-.5V8H0v2a2 2 0 0 0 2 2h2v-1.5ZM8 12v-1.5h2a.5.5 0 0 0 .5-.5V8H12v2a2 2 0 0 1-2 2H8Zm2-12a2 2 0 0 1 2 2v2h-1.5V2a.5.5 0 0 0-.5-.5H8V0h2Z\" \/>\n\t\t\t<\/svg>\n\t\t<\/button><\/figure>\n\n\n\n<figure data-wp-context=\"{&quot;imageId&quot;:&quot;69f25daceea86&quot;}\" data-wp-interactive=\"core\/image\" data-wp-key=\"69f25daceea86\" class=\"wp-block-image size-full is-style-default wp-lightbox-container\"><img loading=\"lazy\" decoding=\"async\" width=\"327\" height=\"52\" data-wp-class--hide=\"state.isContentHidden\" data-wp-class--show=\"state.isContentVisible\" data-wp-init=\"callbacks.setButtonStyles\" data-wp-on--click=\"actions.showLightbox\" data-wp-on--load=\"callbacks.setButtonStyles\" data-wp-on-window--resize=\"callbacks.setButtonStyles\" data-id=\"3228\" src=\"http:\/\/zuckersammler.net\/wp-content\/uploads\/2024\/04\/Suedzucker_Blumen_03-R.jpg\" alt=\"\" class=\"wp-image-3228\" title=\"R\u00fcckseite\" srcset=\"https:\/\/zuckersammler.net\/wp-content\/uploads\/2024\/04\/Suedzucker_Blumen_03-R.jpg 327w, https:\/\/zuckersammler.net\/wp-content\/uploads\/2024\/04\/Suedzucker_Blumen_03-R-300x48.jpg 300w\" sizes=\"auto, (max-width: 327px) 100vw, 327px\" \/><button\n\t\t\tclass=\"lightbox-trigger\"\n\t\t\ttype=\"button\"\n\t\t\taria-haspopup=\"dialog\"\n\t\t\taria-label=\"Vergr\u00f6\u00dfern\"\n\t\t\tdata-wp-init=\"callbacks.initTriggerButton\"\n\t\t\tdata-wp-on--click=\"actions.showLightbox\"\n\t\t\tdata-wp-style--right=\"state.imageButtonRight\"\n\t\t\tdata-wp-style--top=\"state.imageButtonTop\"\n\t\t>\n\t\t\t<svg xmlns=\"http:\/\/www.w3.org\/2000\/svg\" width=\"12\" height=\"12\" fill=\"none\" viewBox=\"0 0 12 12\">\n\t\t\t\t<path fill=\"#fff\" d=\"M2 0a2 2 0 0 0-2 2v2h1.5V2a.5.5 0 0 1 .5-.5h2V0H2Zm2 10.5H2a.5.5 0 0 1-.5-.5V8H0v2a2 2 0 0 0 2 2h2v-1.5ZM8 12v-1.5h2a.5.5 0 0 0 .5-.5V8H12v2a2 2 0 0 1-2 2H8Zm2-12a2 2 0 0 1 2 2v2h-1.5V2a.5.5 0 0 0-.5-.5H8V0h2Z\" \/>\n\t\t\t<\/svg>\n\t\t<\/button><\/figure>\n<\/figure>\n\n\n\n<p>Am Tauschtag ist eine Tischgeb\u00fchr von 5 bis 7 Euro erforderlich. Diese dient zur Kostendeckung f\u00fcr den Tauschraum. Ansonsten ist alles andere frei.<\/p>\n\n\n\n<p>Manche Personen kommen dann auch nur einfach zum Tauschen am Samstag.<\/p>\n\n\n\n<p>Da wir die \u00f6rtliche Presse immer von unserem Treffen informieren, kommen auch gelegentlich Zuschauer. <\/p>\n\n\n\n<p>Es gibt bei uns keine Eintrittspreise.<\/p>\n\n\n\n<figure class=\"wp-block-gallery has-nested-images columns-default is-cropped wp-block-gallery-9 is-layout-flex wp-block-gallery-is-layout-flex\">\n<figure data-wp-context=\"{&quot;imageId&quot;:&quot;69f25daceee66&quot;}\" data-wp-interactive=\"core\/image\" data-wp-key=\"69f25daceee66\" class=\"wp-block-image size-full is-style-default wp-duotone-unset-8 wp-lightbox-container\"><img loading=\"lazy\" decoding=\"async\" width=\"323\" height=\"56\" data-wp-class--hide=\"state.isContentHidden\" data-wp-class--show=\"state.isContentVisible\" data-wp-init=\"callbacks.setButtonStyles\" data-wp-on--click=\"actions.showLightbox\" data-wp-on--load=\"callbacks.setButtonStyles\" data-wp-on-window--resize=\"callbacks.setButtonStyles\" data-id=\"3225\" src=\"http:\/\/zuckersammler.net\/wp-content\/uploads\/2024\/04\/Suedzucker_Blumen_02-V.jpg\" alt=\"\" class=\"wp-image-3225\" title=\"\" srcset=\"https:\/\/zuckersammler.net\/wp-content\/uploads\/2024\/04\/Suedzucker_Blumen_02-V.jpg 323w, https:\/\/zuckersammler.net\/wp-content\/uploads\/2024\/04\/Suedzucker_Blumen_02-V-300x52.jpg 300w\" sizes=\"auto, (max-width: 323px) 100vw, 323px\" \/><button\n\t\t\tclass=\"lightbox-trigger\"\n\t\t\ttype=\"button\"\n\t\t\taria-haspopup=\"dialog\"\n\t\t\taria-label=\"Vergr\u00f6\u00dfern\"\n\t\t\tdata-wp-init=\"callbacks.initTriggerButton\"\n\t\t\tdata-wp-on--click=\"actions.showLightbox\"\n\t\t\tdata-wp-style--right=\"state.imageButtonRight\"\n\t\t\tdata-wp-style--top=\"state.imageButtonTop\"\n\t\t>\n\t\t\t<svg xmlns=\"http:\/\/www.w3.org\/2000\/svg\" width=\"12\" height=\"12\" fill=\"none\" viewBox=\"0 0 12 12\">\n\t\t\t\t<path fill=\"#fff\" d=\"M2 0a2 2 0 0 0-2 2v2h1.5V2a.5.5 0 0 1 .5-.5h2V0H2Zm2 10.5H2a.5.5 0 0 1-.5-.5V8H0v2a2 2 0 0 0 2 2h2v-1.5ZM8 12v-1.5h2a.5.5 0 0 0 .5-.5V8H12v2a2 2 0 0 1-2 2H8Zm2-12a2 2 0 0 1 2 2v2h-1.5V2a.5.5 0 0 0-.5-.5H8V0h2Z\" \/>\n\t\t\t<\/svg>\n\t\t<\/button><\/figure>\n\n\n\n<figure data-wp-context=\"{&quot;imageId&quot;:&quot;69f25dacef0b8&quot;}\" data-wp-interactive=\"core\/image\" data-wp-key=\"69f25dacef0b8\" class=\"wp-block-image size-full is-style-default wp-lightbox-container\"><img loading=\"lazy\" decoding=\"async\" width=\"320\" height=\"53\" data-wp-class--hide=\"state.isContentHidden\" data-wp-class--show=\"state.isContentVisible\" data-wp-init=\"callbacks.setButtonStyles\" data-wp-on--click=\"actions.showLightbox\" data-wp-on--load=\"callbacks.setButtonStyles\" data-wp-on-window--resize=\"callbacks.setButtonStyles\" data-id=\"3226\" src=\"http:\/\/zuckersammler.net\/wp-content\/uploads\/2024\/04\/Suedzucker_Blumen_02-R.jpg\" alt=\"\" class=\"wp-image-3226\" title=\"R\u00fcckseite\" srcset=\"https:\/\/zuckersammler.net\/wp-content\/uploads\/2024\/04\/Suedzucker_Blumen_02-R.jpg 320w, https:\/\/zuckersammler.net\/wp-content\/uploads\/2024\/04\/Suedzucker_Blumen_02-R-300x50.jpg 300w\" sizes=\"auto, (max-width: 320px) 100vw, 320px\" \/><button\n\t\t\tclass=\"lightbox-trigger\"\n\t\t\ttype=\"button\"\n\t\t\taria-haspopup=\"dialog\"\n\t\t\taria-label=\"Vergr\u00f6\u00dfern\"\n\t\t\tdata-wp-init=\"callbacks.initTriggerButton\"\n\t\t\tdata-wp-on--click=\"actions.showLightbox\"\n\t\t\tdata-wp-style--right=\"state.imageButtonRight\"\n\t\t\tdata-wp-style--top=\"state.imageButtonTop\"\n\t\t>\n\t\t\t<svg xmlns=\"http:\/\/www.w3.org\/2000\/svg\" width=\"12\" height=\"12\" fill=\"none\" viewBox=\"0 0 12 12\">\n\t\t\t\t<path fill=\"#fff\" d=\"M2 0a2 2 0 0 0-2 2v2h1.5V2a.5.5 0 0 1 .5-.5h2V0H2Zm2 10.5H2a.5.5 0 0 1-.5-.5V8H0v2a2 2 0 0 0 2 2h2v-1.5ZM8 12v-1.5h2a.5.5 0 0 0 .5-.5V8H12v2a2 2 0 0 1-2 2H8Zm2-12a2 2 0 0 1 2 2v2h-1.5V2a.5.5 0 0 0-.5-.5H8V0h2Z\" \/>\n\t\t\t<\/svg>\n\t\t<\/button><\/figure>\n<\/figure>\n\n\n\n<p><strong>Unser n\u00e4chster Tauschtag<\/strong> &#8211; <a href=\"https:\/\/zuckersammler.net\/?page_id=3754\" data-type=\"link\" data-id=\"https:\/\/zuckersammler.net\/?page_id=3754\">die Planung l\u00e4uft&#8230;<\/a><\/p>\n\n\n\n<h5 class=\"wp-block-heading\"><strong><a href=\"https:\/\/zuckersammler.net\/?page_id=1564\" data-type=\"link\" data-id=\"https:\/\/zuckersammler.net\/?page_id=1564\">Jahrestreffen, die bereits stattgefunden haben:<\/a><\/strong><\/h5>\n\n\n\n<p><\/p>\n\n\n\n<h4 class=\"wp-block-heading\">Hier sind f\u00fcr Interessierte Aufnahmeformulare in:<\/h4>\n\n\n\n<p><a href=\"http:\/\/zuckersammler.net\/wp-content\/uploads\/2024\/10\/Aufnahme-Antrag-2023.pdf\" data-type=\"link\" data-id=\"http:\/\/zuckersammler.net\/wp-content\/uploads\/2024\/10\/Aufnahme-Antrag-2023.pdf\">Deutsch<\/a> und <a href=\"http:\/\/zuckersammler.net\/wp-content\/uploads\/2024\/10\/Aufnahme-Antrag-englisch-2023.pdf\" data-type=\"link\" data-id=\"http:\/\/zuckersammler.net\/wp-content\/uploads\/2024\/10\/Aufnahme-Antrag-englisch-2023.pdf\">Englisch<\/a><\/p>\n\n\n\n<figure class=\"wp-block-gallery has-nested-images columns-default is-cropped wp-block-gallery-11 is-layout-flex wp-block-gallery-is-layout-flex\">\n<figure data-wp-context=\"{&quot;imageId&quot;:&quot;69f25dacef4b0&quot;}\" data-wp-interactive=\"core\/image\" data-wp-key=\"69f25dacef4b0\" class=\"wp-block-image size-full is-style-default wp-duotone-unset-10 wp-lightbox-container\"><img loading=\"lazy\" decoding=\"async\" width=\"326\" height=\"54\" data-wp-class--hide=\"state.isContentHidden\" data-wp-class--show=\"state.isContentVisible\" data-wp-init=\"callbacks.setButtonStyles\" data-wp-on--click=\"actions.showLightbox\" data-wp-on--load=\"callbacks.setButtonStyles\" data-wp-on-window--resize=\"callbacks.setButtonStyles\" data-id=\"3223\" src=\"http:\/\/zuckersammler.net\/wp-content\/uploads\/2024\/04\/Suedzucker_Blumen_01-V.jpg\" alt=\"\" class=\"wp-image-3223\" title=\"\" srcset=\"https:\/\/zuckersammler.net\/wp-content\/uploads\/2024\/04\/Suedzucker_Blumen_01-V.jpg 326w, https:\/\/zuckersammler.net\/wp-content\/uploads\/2024\/04\/Suedzucker_Blumen_01-V-300x50.jpg 300w\" sizes=\"auto, (max-width: 326px) 100vw, 326px\" \/><button\n\t\t\tclass=\"lightbox-trigger\"\n\t\t\ttype=\"button\"\n\t\t\taria-haspopup=\"dialog\"\n\t\t\taria-label=\"Vergr\u00f6\u00dfern\"\n\t\t\tdata-wp-init=\"callbacks.initTriggerButton\"\n\t\t\tdata-wp-on--click=\"actions.showLightbox\"\n\t\t\tdata-wp-style--right=\"state.imageButtonRight\"\n\t\t\tdata-wp-style--top=\"state.imageButtonTop\"\n\t\t>\n\t\t\t<svg xmlns=\"http:\/\/www.w3.org\/2000\/svg\" width=\"12\" height=\"12\" fill=\"none\" viewBox=\"0 0 12 12\">\n\t\t\t\t<path fill=\"#fff\" d=\"M2 0a2 2 0 0 0-2 2v2h1.5V2a.5.5 0 0 1 .5-.5h2V0H2Zm2 10.5H2a.5.5 0 0 1-.5-.5V8H0v2a2 2 0 0 0 2 2h2v-1.5ZM8 12v-1.5h2a.5.5 0 0 0 .5-.5V8H12v2a2 2 0 0 1-2 2H8Zm2-12a2 2 0 0 1 2 2v2h-1.5V2a.5.5 0 0 0-.5-.5H8V0h2Z\" \/>\n\t\t\t<\/svg>\n\t\t<\/button><\/figure>\n\n\n\n<figure data-wp-context=\"{&quot;imageId&quot;:&quot;69f25dacef707&quot;}\" data-wp-interactive=\"core\/image\" data-wp-key=\"69f25dacef707\" class=\"wp-block-image size-full is-style-default wp-lightbox-container\"><img loading=\"lazy\" decoding=\"async\" width=\"324\" height=\"54\" data-wp-class--hide=\"state.isContentHidden\" data-wp-class--show=\"state.isContentVisible\" data-wp-init=\"callbacks.setButtonStyles\" data-wp-on--click=\"actions.showLightbox\" data-wp-on--load=\"callbacks.setButtonStyles\" data-wp-on-window--resize=\"callbacks.setButtonStyles\" data-id=\"3224\" src=\"http:\/\/zuckersammler.net\/wp-content\/uploads\/2024\/04\/Suedzucker_Blumen_01-R.jpg\" alt=\"\" class=\"wp-image-3224\" title=\"R\u00fcckseite\" srcset=\"https:\/\/zuckersammler.net\/wp-content\/uploads\/2024\/04\/Suedzucker_Blumen_01-R.jpg 324w, https:\/\/zuckersammler.net\/wp-content\/uploads\/2024\/04\/Suedzucker_Blumen_01-R-300x50.jpg 300w\" sizes=\"auto, (max-width: 324px) 100vw, 324px\" \/><button\n\t\t\tclass=\"lightbox-trigger\"\n\t\t\ttype=\"button\"\n\t\t\taria-haspopup=\"dialog\"\n\t\t\taria-label=\"Vergr\u00f6\u00dfern\"\n\t\t\tdata-wp-init=\"callbacks.initTriggerButton\"\n\t\t\tdata-wp-on--click=\"actions.showLightbox\"\n\t\t\tdata-wp-style--right=\"state.imageButtonRight\"\n\t\t\tdata-wp-style--top=\"state.imageButtonTop\"\n\t\t>\n\t\t\t<svg xmlns=\"http:\/\/www.w3.org\/2000\/svg\" width=\"12\" height=\"12\" fill=\"none\" viewBox=\"0 0 12 12\">\n\t\t\t\t<path fill=\"#fff\" d=\"M2 0a2 2 0 0 0-2 2v2h1.5V2a.5.5 0 0 1 .5-.5h2V0H2Zm2 10.5H2a.5.5 0 0 1-.5-.5V8H0v2a2 2 0 0 0 2 2h2v-1.5ZM8 12v-1.5h2a.5.5 0 0 0 .5-.5V8H12v2a2 2 0 0 1-2 2H8Zm2-12a2 2 0 0 1 2 2v2h-1.5V2a.5.5 0 0 0-.5-.5H8V0h2Z\" \/>\n\t\t\t<\/svg>\n\t\t<\/button><\/figure>\n<\/figure>\n\n\n\n<p><\/p>\n","protected":false},"excerpt":{"rendered":"<p>Wir sind kein Verein, der festgeschriebene Regeln haben m\u00fcsste. Unsere EGZ ist eine lose Interessengemeinschaft. In unserer Gemeinschaft gibt es Sammlerinnen und Sammler aus: Wir sammeln alle verpackten Zucker in den verschiedensten Formen: Wir veranstalteten bis 2020 im Jahr zwei verschiedene Sammlertreffen. Die Veranstaltungen fanden bis 2020 einerseits im M\u00e4rz oder April in Berlin als [&hellip;]<\/p>\n","protected":false},"author":1,"featured_media":0,"parent":0,"menu_order":0,"comment_status":"closed","ping_status":"closed","template":"page-templates\/full-width.php","meta":{"footnotes":""},"class_list":["post-29","page","type-page","status-publish","hentry"],"_links":{"self":[{"href":"https:\/\/zuckersammler.net\/index.php?rest_route=\/wp\/v2\/pages\/29","targetHints":{"allow":["GET"]}}],"collection":[{"href":"https:\/\/zuckersammler.net\/index.php?rest_route=\/wp\/v2\/pages"}],"about":[{"href":"https:\/\/zuckersammler.net\/index.php?rest_route=\/wp\/v2\/types\/page"}],"author":[{"embeddable":true,"href":"https:\/\/zuckersammler.net\/index.php?rest_route=\/wp\/v2\/users\/1"}],"replies":[{"embeddable":true,"href":"https:\/\/zuckersammler.net\/index.php?rest_route=%2Fwp%2Fv2%2Fcomments&post=29"}],"version-history":[{"count":63,"href":"https:\/\/zuckersammler.net\/index.php?rest_route=\/wp\/v2\/pages\/29\/revisions"}],"predecessor-version":[{"id":5469,"href":"https:\/\/zuckersammler.net\/index.php?rest_route=\/wp\/v2\/pages\/29\/revisions\/5469"}],"wp:attachment":[{"href":"https:\/\/zuckersammler.net\/index.php?rest_route=%2Fwp%2Fv2%2Fmedia&parent=29"}],"curies":[{"name":"wp","href":"https:\/\/api.w.org\/{rel}","templated":true}]}}