{"id":2,"date":"2016-05-10T03:48:21","date_gmt":"2016-05-10T03:48:21","guid":{"rendered":"http:\/\/zuckersammler.net\/?page_id=2"},"modified":"2025-11-07T14:26:21","modified_gmt":"2025-11-07T14:26:21","slug":"sample-page","status":"publish","type":"page","link":"https:\/\/zuckersammler.net\/","title":{"rendered":"Startseite"},"content":{"rendered":"\n\n<p style=\"text-align: center;\"><strong>Herzlich Willkommen bei der <\/strong><strong><small>EUROP\u00c4ISCHE GEMEINSCHAFT DER ZUCKERSAMMLER<\/small><\/strong><\/p>\n\n\n<div class=\"wp-block-cover alignwide is-light\" style=\"min-height:100vh;aspect-ratio:unset;\"><img loading=\"lazy\" decoding=\"async\" width=\"1920\" height=\"1285\" class=\"wp-block-cover__image-background wp-image-22\" alt=\"\" src=\"https:\/\/zuckersammler.net\/wp-content\/uploads\/2021\/08\/AdobeStock_34537534_1920.jpeg\" style=\"object-position:100% 50%\" data-object-fit=\"cover\" data-object-position=\"100% 50%\" srcset=\"https:\/\/zuckersammler.net\/wp-content\/uploads\/2021\/08\/AdobeStock_34537534_1920.jpeg 1920w, https:\/\/zuckersammler.net\/wp-content\/uploads\/2021\/08\/AdobeStock_34537534_1920-300x201.jpeg 300w, https:\/\/zuckersammler.net\/wp-content\/uploads\/2021\/08\/AdobeStock_34537534_1920-1024x685.jpeg 1024w, https:\/\/zuckersammler.net\/wp-content\/uploads\/2021\/08\/AdobeStock_34537534_1920-768x514.jpeg 768w, https:\/\/zuckersammler.net\/wp-content\/uploads\/2021\/08\/AdobeStock_34537534_1920-1536x1028.jpeg 1536w, https:\/\/zuckersammler.net\/wp-content\/uploads\/2021\/08\/AdobeStock_34537534_1920-750x502.jpeg 750w, https:\/\/zuckersammler.net\/wp-content\/uploads\/2021\/08\/AdobeStock_34537534_1920-75x50.jpeg 75w\" sizes=\"auto, (max-width: 1920px) 100vw, 1920px\" \/><span aria-hidden=\"true\" class=\"wp-block-cover__background has-background-dim\"><\/span><div class=\"wp-block-cover__inner-container is-layout-flow wp-block-cover-is-layout-flow\">\n<div class=\"wp-block-columns is-layout-flex wp-container-core-columns-is-layout-9d6595d7 wp-block-columns-is-layout-flex\">\n<div class=\"wp-block-column is-vertically-aligned-stretch text-block has-black-color has-very-light-gray-to-cyan-bluish-gray-gradient-background has-text-color has-background is-layout-flow wp-block-column-is-layout-flow\" style=\"flex-basis:50%\">\n<h2 class=\"wp-block-heading\">Einf\u00fchrung in die EGZ<\/h2>\n\n\n\n<p>Die EGZ wird zurzeit von drei gleichberechtigten Mitgliedern geleitet. Die Wiederwahl erfolgt f\u00fcr die Dauer von zwei Jahren bei der Jahresversammlung.<\/p>\n\n\n\n<p>Die Mitglieder der EGZ werden herzlich gebeten, Informationen und Neuigkeiten \u00fcber das Hobby an die Leitung weiterzugeben.<\/p>\n\n\n\n<p>Alle zwei Jahre gibt es ein Verzeichnis aller Sammlerinnen und Sammler. Personen, die nicht in das Verzeichnis aufgenommen werden wollen, sollten sich melden. Wir bitten, eine Datenschutzerkl\u00e4rung zu unterschreiben.<\/p>\n\n\n\n<p>Der Kostenbeitrag f\u00fcr die EGZ wird von der Jahresversammlung festgelegt. Seit dem 1. Januar 2023 betr\u00e4gt er j\u00e4hrlich 25,00 Euro. Neumitglieder zahlen eine Aufnahmegeb\u00fchr von 5,00 \u20ac und den Kostenbeitrag anteilig.<\/p>\n\n\n\n<p>Viermal im Jahr wird ein sogenannter Zuckerkurier an die Mitglieder gesandt. Darin sind alle Neuigkeiten aus dem Leben der Europ\u00e4ischen Gemeinschaft der Zuckersammler enthalten. Ebenso werden auf Wunsch Mitglieder mit ihren Sammlungen vorgestellt, ferner gibt es Nachrichten aus dem Bereich des Zuckers (Serienmitteilungen).<\/p>\n\n\n\n<p>Einmal j\u00e4hrlich wird eine Jahresversammlung zusammen mit einem Tauschtag durchgef\u00fchrt. Die Beschl\u00fcsse der Jahresversammlung sind f\u00fcr alle Mitglieder verbindlich.<\/p>\n\n\n\n<p>Wenn ein Mitglied aus der Leitung durch R\u00fccktritt oder Tod ausscheidet, ist bei der n\u00e4chsten Jahresversammlung dar\u00fcber zu entscheiden, wie die EGZ weitergef\u00fchrt wird.<\/p>\n\n\n\n<p>Sollte sich die EGZ aus zurzeit nicht vorhersehbaren Gr\u00fcnden aufl\u00f6sen, wird das nach Abzug der Verbindlichkeiten verbleibende Guthaben der Organisation \u201e\u00c4rzte ohne Grenzen e.V.\u201c in Berlin als Spende zur Verf\u00fcgung gestellt. An die Mitglieder der EGZ erfolgen keine R\u00fcckerstattungen.<\/p>\n<\/div>\n<\/div>\n<\/div><\/div>\n","protected":false},"excerpt":{"rendered":"<p>Herzlich Willkommen bei der EUROP\u00c4ISCHE GEMEINSCHAFT DER ZUCKERSAMMLER<\/p>\n","protected":false},"author":1,"featured_media":0,"parent":0,"menu_order":0,"comment_status":"closed","ping_status":"open","template":"page-templates\/full-width.php","meta":{"footnotes":""},"class_list":["post-2","page","type-page","status-publish","hentry"],"_links":{"self":[{"href":"https:\/\/zuckersammler.net\/index.php?rest_route=\/wp\/v2\/pages\/2","targetHints":{"allow":["GET"]}}],"collection":[{"href":"https:\/\/zuckersammler.net\/index.php?rest_route=\/wp\/v2\/pages"}],"about":[{"href":"https:\/\/zuckersammler.net\/index.php?rest_route=\/wp\/v2\/types\/page"}],"author":[{"embeddable":true,"href":"https:\/\/zuckersammler.net\/index.php?rest_route=\/wp\/v2\/users\/1"}],"replies":[{"embeddable":true,"href":"https:\/\/zuckersammler.net\/index.php?rest_route=%2Fwp%2Fv2%2Fcomments&post=2"}],"version-history":[{"count":40,"href":"https:\/\/zuckersammler.net\/index.php?rest_route=\/wp\/v2\/pages\/2\/revisions"}],"predecessor-version":[{"id":5411,"href":"https:\/\/zuckersammler.net\/index.php?rest_route=\/wp\/v2\/pages\/2\/revisions\/5411"}],"wp:attachment":[{"href":"https:\/\/zuckersammler.net\/index.php?rest_route=%2Fwp%2Fv2%2Fmedia&parent=2"}],"curies":[{"name":"wp","href":"https:\/\/api.w.org\/{rel}","templated":true}]}}