{"id":1564,"date":"2024-02-28T13:57:03","date_gmt":"2024-02-28T13:57:03","guid":{"rendered":"https:\/\/zuckersammler.net\/?page_id=1564"},"modified":"2025-10-30T14:33:53","modified_gmt":"2025-10-30T14:33:53","slug":"bisherige-tauschtage","status":"publish","type":"page","link":"https:\/\/zuckersammler.net\/?page_id=1564","title":{"rendered":"Bisherige Tauschtage"},"content":{"rendered":"\n<figure class=\"wp-block-gallery has-nested-images columns-default is-cropped wp-block-gallery-1 is-layout-flex wp-block-gallery-is-layout-flex\">\n<figure data-wp-context=\"{&quot;imageId&quot;:&quot;69e634439238d&quot;}\" data-wp-interactive=\"core\/image\" data-wp-key=\"69e634439238d\" class=\"wp-block-image size-full is-style-default wp-lightbox-container\"><img loading=\"lazy\" decoding=\"async\" width=\"697\" height=\"108\" data-wp-class--hide=\"state.isContentHidden\" data-wp-class--show=\"state.isContentVisible\" data-wp-init=\"callbacks.setButtonStyles\" data-wp-on--click=\"actions.showLightbox\" data-wp-on--load=\"callbacks.setButtonStyles\" data-wp-on-window--resize=\"callbacks.setButtonStyles\" data-id=\"1698\" src=\"https:\/\/zuckersammler.net\/wp-content\/uploads\/2024\/03\/NZ-_Blume01V.jpg\" alt=\"\" class=\"wp-image-1698\" title=\"Stick Serie aus 2009 1 von 5\" srcset=\"https:\/\/zuckersammler.net\/wp-content\/uploads\/2024\/03\/NZ-_Blume01V.jpg 697w, https:\/\/zuckersammler.net\/wp-content\/uploads\/2024\/03\/NZ-_Blume01V-300x46.jpg 300w\" sizes=\"auto, (max-width: 697px) 100vw, 697px\" \/><button\n\t\t\tclass=\"lightbox-trigger\"\n\t\t\ttype=\"button\"\n\t\t\taria-haspopup=\"dialog\"\n\t\t\taria-label=\"Vergr\u00f6\u00dfern\"\n\t\t\tdata-wp-init=\"callbacks.initTriggerButton\"\n\t\t\tdata-wp-on--click=\"actions.showLightbox\"\n\t\t\tdata-wp-style--right=\"state.imageButtonRight\"\n\t\t\tdata-wp-style--top=\"state.imageButtonTop\"\n\t\t>\n\t\t\t<svg xmlns=\"http:\/\/www.w3.org\/2000\/svg\" width=\"12\" height=\"12\" fill=\"none\" viewBox=\"0 0 12 12\">\n\t\t\t\t<path fill=\"#fff\" d=\"M2 0a2 2 0 0 0-2 2v2h1.5V2a.5.5 0 0 1 .5-.5h2V0H2Zm2 10.5H2a.5.5 0 0 1-.5-.5V8H0v2a2 2 0 0 0 2 2h2v-1.5ZM8 12v-1.5h2a.5.5 0 0 0 .5-.5V8H12v2a2 2 0 0 1-2 2H8Zm2-12a2 2 0 0 1 2 2v2h-1.5V2a.5.5 0 0 0-.5-.5H8V0h2Z\" \/>\n\t\t\t<\/svg>\n\t\t<\/button><\/figure>\n\n\n\n<figure data-wp-context=\"{&quot;imageId&quot;:&quot;69e6344392709&quot;}\" data-wp-interactive=\"core\/image\" data-wp-key=\"69e6344392709\" class=\"wp-block-image size-full is-style-default wp-lightbox-container\"><img loading=\"lazy\" decoding=\"async\" width=\"634\" height=\"110\" data-wp-class--hide=\"state.isContentHidden\" data-wp-class--show=\"state.isContentVisible\" data-wp-init=\"callbacks.setButtonStyles\" data-wp-on--click=\"actions.showLightbox\" data-wp-on--load=\"callbacks.setButtonStyles\" data-wp-on-window--resize=\"callbacks.setButtonStyles\" data-id=\"1699\" src=\"https:\/\/zuckersammler.net\/wp-content\/uploads\/2024\/03\/NZ-_Blume01R.jpg\" alt=\"\" class=\"wp-image-1699\" title=\"R\u00fcckseite\" srcset=\"https:\/\/zuckersammler.net\/wp-content\/uploads\/2024\/03\/NZ-_Blume01R.jpg 634w, https:\/\/zuckersammler.net\/wp-content\/uploads\/2024\/03\/NZ-_Blume01R-300x52.jpg 300w\" sizes=\"auto, (max-width: 634px) 100vw, 634px\" \/><button\n\t\t\tclass=\"lightbox-trigger\"\n\t\t\ttype=\"button\"\n\t\t\taria-haspopup=\"dialog\"\n\t\t\taria-label=\"Vergr\u00f6\u00dfern\"\n\t\t\tdata-wp-init=\"callbacks.initTriggerButton\"\n\t\t\tdata-wp-on--click=\"actions.showLightbox\"\n\t\t\tdata-wp-style--right=\"state.imageButtonRight\"\n\t\t\tdata-wp-style--top=\"state.imageButtonTop\"\n\t\t>\n\t\t\t<svg xmlns=\"http:\/\/www.w3.org\/2000\/svg\" width=\"12\" height=\"12\" fill=\"none\" viewBox=\"0 0 12 12\">\n\t\t\t\t<path fill=\"#fff\" d=\"M2 0a2 2 0 0 0-2 2v2h1.5V2a.5.5 0 0 1 .5-.5h2V0H2Zm2 10.5H2a.5.5 0 0 1-.5-.5V8H0v2a2 2 0 0 0 2 2h2v-1.5ZM8 12v-1.5h2a.5.5 0 0 0 .5-.5V8H12v2a2 2 0 0 1-2 2H8Zm2-12a2 2 0 0 1 2 2v2h-1.5V2a.5.5 0 0 0-.5-.5H8V0h2Z\" \/>\n\t\t\t<\/svg>\n\t\t<\/button><\/figure>\n<\/figure>\n\n\n\n<p class=\"has-text-align-center\"><strong>Leider steht uns derzeit nur Bildmaterial ab dem Jahr 2004 zur Verf\u00fcgung<\/strong><\/p>\n\n\n\n<div class=\"wp-block-columns is-layout-flex wp-container-core-columns-is-layout-9d6595d7 wp-block-columns-is-layout-flex\">\n<div class=\"wp-block-column box is-layout-flow wp-block-column-is-layout-flow\">\n<p class=\"has-luminous-vivid-orange-color has-text-color has-link-color wp-elements-493ad238aee4dee3d8322406d8857e95\"><strong><mark style=\"background-color:rgba(0, 0, 0, 0)\" class=\"has-inline-color has-vivid-red-color\">EGZ- Tauschtage in Deutschland<\/mark><\/strong><\/p>\n\n\n\n<ul class=\"wp-block-list\">\n<li>1997 &#8211; Leipzig &#8211; Sachsen<\/li>\n\n\n\n<li>1998 &#8211; Goslar &#8211; Niedersachsen<\/li>\n\n\n\n<li>1999 &#8211; Suhl &#8211; Th\u00fcringen<\/li>\n\n\n\n<li>2000 &#8211; Ludwigsburg &#8211; Baden-W\u00fcrttemberg<\/li>\n\n\n\n<li>2001 &#8211; Bad Salzuflen &#8211; Nordrhein-Westfalen<\/li>\n\n\n\n<li>2002 &#8211; Rotenburg an der Fulda &#8211; Hessen<\/li>\n\n\n\n<li>2003 &#8211; Irrel &#8211; Rheinland-Pfalz<\/li>\n\n\n\n<li>2004 &#8211; <a href=\"https:\/\/zuckersammler.net\/?page_id=2239\" data-type=\"link\" data-id=\"https:\/\/zuckersammler.net\/?page_id=2239\">Kulmbach &#8211; Bayern<\/a><\/li>\n\n\n\n<li>2005 &#8211; <a href=\"https:\/\/zuckersammler.net\/?page_id=2186\" data-type=\"link\" data-id=\"https:\/\/zuckersammler.net\/?page_id=2186\">M\u00fcnster &#8211; Nordrhein-Westfalen<\/a><\/li>\n\n\n\n<li>2006 &#8211; <a href=\"https:\/\/zuckersammler.net\/?page_id=2272\" data-type=\"link\" data-id=\"https:\/\/zuckersammler.net\/?page_id=2272\">Riesa &#8211; Sachsen<\/a><\/li>\n\n\n\n<li>2007 &#8211; <a href=\"https:\/\/zuckersammler.net\/?page_id=2323\" data-type=\"link\" data-id=\"https:\/\/zuckersammler.net\/?page_id=2323\">Braunschweig &#8211; Niedersachsen<\/a><\/li>\n\n\n\n<li>2008 &#8211; <a href=\"https:\/\/zuckersammler.net\/?page_id=2367\" data-type=\"link\" data-id=\"https:\/\/zuckersammler.net\/?page_id=2367\">Ludwigshafen &#8211; Rheinland-Pfalz<\/a><\/li>\n\n\n\n<li>2009 &#8211; <a href=\"https:\/\/zuckersammler.net\/?page_id=2006\" data-type=\"link\" data-id=\"https:\/\/zuckersammler.net\/?page_id=2006\">Eisenach &#8211; Th\u00fcringen<\/a><\/li>\n\n\n\n<li>2010 &#8211; <a href=\"https:\/\/zuckersammler.net\/?page_id=1714\" data-type=\"link\" data-id=\"https:\/\/zuckersammler.net\/?page_id=1714\">Gummersbach &#8211; Nordrhein-Westfalen<\/a><\/li>\n\n\n\n<li>2011 &#8211; <a href=\"https:\/\/zuckersammler.net\/?page_id=1381\" data-type=\"link\" data-id=\"https:\/\/zuckersammler.net\/?page_id=1381\">Berlin &#8211; 50 Jahre Zuckertausch<\/a><\/li>\n\n\n\n<li>2012 &#8211; <a href=\"https:\/\/zuckersammler.net\/?page_id=1543\" data-type=\"link\" data-id=\"https:\/\/zuckersammler.net\/?page_id=1543\">Bad Salzhausen &#8211; Hessen<\/a><\/li>\n\n\n\n<li>2013 &#8211; <a href=\"https:\/\/zuckersammler.net\/?page_id=1069\" data-type=\"link\" data-id=\"https:\/\/zuckersammler.net\/?page_id=1069\">Naumburg &#8211; Sachsen-Anhalt<\/a><\/li>\n\n\n\n<li>2014 &#8211; <a href=\"https:\/\/zuckersammler.net\/?page_id=155\" data-type=\"link\" data-id=\"https:\/\/zuckersammler.net\/?page_id=155\">Schwerin &#8211; Mecklenburg-Vorpommern<\/a><\/li>\n\n\n\n<li>2015 &#8211; <a href=\"https:\/\/zuckersammler.net\/?page_id=999\" data-type=\"link\" data-id=\"https:\/\/zuckersammler.net\/?page_id=999\">F\u00fcrth &#8211; Bayern<\/a><\/li>\n\n\n\n<li>2016 &#8211; <a href=\"https:\/\/zuckersammler.net\/?page_id=883\" data-type=\"link\" data-id=\"https:\/\/zuckersammler.net\/?page_id=883\">Bremen<\/a><\/li>\n\n\n\n<li>2017 &#8211; <a href=\"https:\/\/zuckersammler.net\/?page_id=930\" data-type=\"link\" data-id=\"https:\/\/zuckersammler.net\/?page_id=930\">Jena &#8211; Th\u00fcringen<\/a><\/li>\n\n\n\n<li>2018 &#8211; <a href=\"https:\/\/zuckersammler.net\/?page_id=208\" data-type=\"link\" data-id=\"https:\/\/zuckersammler.net\/?page_id=208\">Offenburg  &#8211; Baden-W\u00fcrttemberg<\/a><\/li>\n\n\n\n<li>2019 &#8211; <a href=\"https:\/\/zuckersammler.net\/?page_id=811\" data-type=\"link\" data-id=\"https:\/\/zuckersammler.net\/?page_id=811\">Uelzen &#8211; Niedersachsen<\/a><\/li>\n\n\n\n<li>2020 &#8211; kein Tauschtag m\u00f6glich (Covid 19)<\/li>\n\n\n\n<li>2021 &#8211; kein Tauschtag m\u00f6glich (Covid 19) <\/li>\n\n\n\n<li>2022 &#8211; <a href=\"https:\/\/zuckersammler.net\/?page_id=757\" data-type=\"link\" data-id=\"https:\/\/zuckersammler.net\/?page_id=757\">Oberhof &#8211; Th\u00fcringen<\/a><\/li>\n\n\n\n<li>2023 &#8211; <a href=\"https:\/\/zuckersammler.net\/?page_id=637\" data-type=\"link\" data-id=\"https:\/\/zuckersammler.net\/?page_id=637\">Bad Nenndorf &#8211; Niedersachsen<\/a><\/li>\n\n\n\n<li>2024 &#8211; <a href=\"https:\/\/zuckersammler.net\/?page_id=3472\" data-type=\"link\" data-id=\"https:\/\/zuckersammler.net\/?page_id=3472\">Bad Salzuflen &#8211; Nordrhein-Westfalen<\/a><\/li>\n\n\n\n<li>2025 &#8211; <a href=\"https:\/\/zuckersammler.net\/?page_id=5057\" data-type=\"link\" data-id=\"https:\/\/zuckersammler.net\/?page_id=5057\">Goslar &#8211; Niedersachsen<\/a><\/li>\n<\/ul>\n<\/div>\n\n\n\n<div class=\"wp-block-column box is-layout-flow wp-block-column-is-layout-flow\">\n<p class=\"has-luminous-vivid-orange-color has-text-color has-link-color wp-elements-dc217ece1d049bbddeac626d4ea381a5\"><strong> Als G\u00e4ste Internationaler Tauschtage<\/strong><\/p>\n\n\n\n<ul class=\"wp-block-list\">\n<li>2010 &#8211; <a href=\"https:\/\/zuckersammler.net\/?page_id=1604\" data-type=\"link\" data-id=\"https:\/\/zuckersammler.net\/?page_id=1604\">Litom\u011b\u0159ice (CZ)<\/a><\/li>\n\n\n\n<li>2010 \u2013 <a href=\"https:\/\/zuckersammler.net\/?page_id=1683\" data-type=\"link\" data-id=\"https:\/\/zuckersammler.net\/?page_id=1683\">Veldhoven (NL)<\/a><\/li>\n\n\n\n<li>2011 &#8211; <a href=\"https:\/\/zuckersammler.net\/?page_id=1701\" data-type=\"link\" data-id=\"https:\/\/zuckersammler.net\/?page_id=1701\">Veldhoven (NL)<\/a><\/li>\n\n\n\n<li>2012 &#8211; <a href=\"https:\/\/zuckersammler.net\/?page_id=1778\" data-type=\"link\" data-id=\"https:\/\/zuckersammler.net\/?page_id=1778\">P\u00edsek (CZ)<\/a><\/li>\n\n\n\n<li>2013 &#8211; <a href=\"https:\/\/zuckersammler.net\/?page_id=1745\" data-type=\"link\" data-id=\"https:\/\/zuckersammler.net\/?page_id=1745\">Pieve di Cento \u2013&nbsp;Bologna (IT)<\/a><\/li>\n\n\n\n<li>2013 &#8211; <a href=\"https:\/\/zuckersammler.net\/?page_id=1830\" data-type=\"link\" data-id=\"https:\/\/zuckersammler.net\/?page_id=1830\">Veldhoven (NL)<\/a><\/li>\n\n\n\n<li>2014 &#8211; <a href=\"https:\/\/zuckersammler.net\/?page_id=1904\" data-type=\"link\" data-id=\"https:\/\/zuckersammler.net\/?page_id=1904\">Prag (CZ)<\/a><\/li>\n\n\n\n<li>2015 &#8211; <a href=\"https:\/\/zuckersammler.net\/?page_id=2133\" data-type=\"link\" data-id=\"https:\/\/zuckersammler.net\/?page_id=2133\">Brno \/ Br\u00fcnn (CZ)<\/a><\/li>\n\n\n\n<li>2016 &#8211; <a href=\"https:\/\/zuckersammler.net\/?page_id=1857\" data-type=\"link\" data-id=\"https:\/\/zuckersammler.net\/?page_id=1857\">\u00da\u0161t\u011bk (CZ)<\/a><\/li>\n\n\n\n<li>2017 &#8211; <a href=\"https:\/\/zuckersammler.net\/?page_id=1946\" data-type=\"link\" data-id=\"https:\/\/zuckersammler.net\/?page_id=1946\">Prag (CZ)<\/a><\/li>\n\n\n\n<li>2018 &#8211; <a href=\"https:\/\/zuckersammler.net\/?page_id=2081\" data-type=\"link\" data-id=\"https:\/\/zuckersammler.net\/?page_id=2081\">Karlovy Vary \/ Karlsbad (CZ)<\/a><\/li>\n\n\n\n<li>2021 &#8211; <a href=\"https:\/\/zuckersammler.net\/?page_id=2160\" data-type=\"link\" data-id=\"https:\/\/zuckersammler.net\/?page_id=2160\">Veldhoven (NL)<\/a><\/li>\n\n\n\n<li>2022 &#8211; <a href=\"https:\/\/zuckersammler.net\/?page_id=2423\" data-type=\"link\" data-id=\"https:\/\/zuckersammler.net\/?page_id=2423\">Veldhoven (NL)<\/a><\/li>\n\n\n\n<li>2023 &#8211; <a href=\"https:\/\/zuckersammler.net\/?page_id=2050\" data-type=\"link\" data-id=\"https:\/\/zuckersammler.net\/?page_id=2050\">Veldhoven (NL)<\/a><\/li>\n\n\n\n<li>2024 &#8211; <a href=\"https:\/\/zuckersammler.net\/?page_id=3672\" data-type=\"link\" data-id=\"https:\/\/zuckersammler.net\/?page_id=3672\">Veldhoven (NL)<\/a><\/li>\n\n\n\n<li>2025 &#8211; <a href=\"https:\/\/zuckersammler.net\/?page_id=5303\" data-type=\"link\" data-id=\"https:\/\/zuckersammler.net\/?page_id=5303\">Karlovy Vary \/ Karlsbad (CZ)<\/a><\/li>\n\n\n\n<li>2025 &#8211; <a href=\"https:\/\/zuckersammler.net\/?page_id=5421\" data-type=\"link\" data-id=\"https:\/\/zuckersammler.net\/?page_id=5421\">Veldhoven (NL)<\/a><\/li>\n<\/ul>\n<\/div>\n<\/div>\n\n\n\n<div class=\"wp-block-columns is-layout-flex wp-container-core-columns-is-layout-9d6595d7 wp-block-columns-is-layout-flex\">\n<div class=\"wp-block-column is-layout-flow wp-block-column-is-layout-flow\"><\/div>\n\n\n\n<div class=\"wp-block-column is-layout-flow wp-block-column-is-layout-flow\"><\/div>\n<\/div>\n\n\n\n<div class=\"wp-block-columns is-layout-flex wp-container-core-columns-is-layout-9d6595d7 wp-block-columns-is-layout-flex\">\n<div class=\"wp-block-column is-layout-flow wp-block-column-is-layout-flow\"><\/div>\n\n\n\n<div class=\"wp-block-column is-layout-flow wp-block-column-is-layout-flow\"><\/div>\n<\/div>\n\n\n\n<p><\/p>\n\n\n\n<figure class=\"wp-block-gallery has-nested-images columns-default is-cropped wp-block-gallery-2 is-layout-flex wp-block-gallery-is-layout-flex\">\n<figure data-wp-context=\"{&quot;imageId&quot;:&quot;69e63443938a7&quot;}\" data-wp-interactive=\"core\/image\" data-wp-key=\"69e63443938a7\" class=\"wp-block-image size-full is-style-default wp-lightbox-container\"><img loading=\"lazy\" decoding=\"async\" width=\"697\" height=\"108\" data-wp-class--hide=\"state.isContentHidden\" data-wp-class--show=\"state.isContentVisible\" data-wp-init=\"callbacks.setButtonStyles\" data-wp-on--click=\"actions.showLightbox\" data-wp-on--load=\"callbacks.setButtonStyles\" data-wp-on-window--resize=\"callbacks.setButtonStyles\" data-id=\"1698\" src=\"http:\/\/zuckersammler.net\/wp-content\/uploads\/2024\/03\/NZ-_Blume01V.jpg\" alt=\"\" class=\"wp-image-1698\" title=\"Stick Serie aus 2009 1 von 5\" srcset=\"https:\/\/zuckersammler.net\/wp-content\/uploads\/2024\/03\/NZ-_Blume01V.jpg 697w, https:\/\/zuckersammler.net\/wp-content\/uploads\/2024\/03\/NZ-_Blume01V-300x46.jpg 300w\" sizes=\"auto, (max-width: 697px) 100vw, 697px\" \/><button\n\t\t\tclass=\"lightbox-trigger\"\n\t\t\ttype=\"button\"\n\t\t\taria-haspopup=\"dialog\"\n\t\t\taria-label=\"Vergr\u00f6\u00dfern\"\n\t\t\tdata-wp-init=\"callbacks.initTriggerButton\"\n\t\t\tdata-wp-on--click=\"actions.showLightbox\"\n\t\t\tdata-wp-style--right=\"state.imageButtonRight\"\n\t\t\tdata-wp-style--top=\"state.imageButtonTop\"\n\t\t>\n\t\t\t<svg xmlns=\"http:\/\/www.w3.org\/2000\/svg\" width=\"12\" height=\"12\" fill=\"none\" viewBox=\"0 0 12 12\">\n\t\t\t\t<path fill=\"#fff\" d=\"M2 0a2 2 0 0 0-2 2v2h1.5V2a.5.5 0 0 1 .5-.5h2V0H2Zm2 10.5H2a.5.5 0 0 1-.5-.5V8H0v2a2 2 0 0 0 2 2h2v-1.5ZM8 12v-1.5h2a.5.5 0 0 0 .5-.5V8H12v2a2 2 0 0 1-2 2H8Zm2-12a2 2 0 0 1 2 2v2h-1.5V2a.5.5 0 0 0-.5-.5H8V0h2Z\" \/>\n\t\t\t<\/svg>\n\t\t<\/button><\/figure>\n\n\n\n<figure data-wp-context=\"{&quot;imageId&quot;:&quot;69e6344393a63&quot;}\" data-wp-interactive=\"core\/image\" data-wp-key=\"69e6344393a63\" class=\"wp-block-image size-full is-style-default wp-lightbox-container\"><img loading=\"lazy\" decoding=\"async\" width=\"634\" height=\"110\" data-wp-class--hide=\"state.isContentHidden\" data-wp-class--show=\"state.isContentVisible\" data-wp-init=\"callbacks.setButtonStyles\" data-wp-on--click=\"actions.showLightbox\" data-wp-on--load=\"callbacks.setButtonStyles\" data-wp-on-window--resize=\"callbacks.setButtonStyles\" data-id=\"1699\" src=\"http:\/\/zuckersammler.net\/wp-content\/uploads\/2024\/03\/NZ-_Blume01R.jpg\" alt=\"\" class=\"wp-image-1699\" title=\"R\u00fcckseite\" srcset=\"https:\/\/zuckersammler.net\/wp-content\/uploads\/2024\/03\/NZ-_Blume01R.jpg 634w, https:\/\/zuckersammler.net\/wp-content\/uploads\/2024\/03\/NZ-_Blume01R-300x52.jpg 300w\" sizes=\"auto, (max-width: 634px) 100vw, 634px\" \/><button\n\t\t\tclass=\"lightbox-trigger\"\n\t\t\ttype=\"button\"\n\t\t\taria-haspopup=\"dialog\"\n\t\t\taria-label=\"Vergr\u00f6\u00dfern\"\n\t\t\tdata-wp-init=\"callbacks.initTriggerButton\"\n\t\t\tdata-wp-on--click=\"actions.showLightbox\"\n\t\t\tdata-wp-style--right=\"state.imageButtonRight\"\n\t\t\tdata-wp-style--top=\"state.imageButtonTop\"\n\t\t>\n\t\t\t<svg xmlns=\"http:\/\/www.w3.org\/2000\/svg\" width=\"12\" height=\"12\" fill=\"none\" viewBox=\"0 0 12 12\">\n\t\t\t\t<path fill=\"#fff\" d=\"M2 0a2 2 0 0 0-2 2v2h1.5V2a.5.5 0 0 1 .5-.5h2V0H2Zm2 10.5H2a.5.5 0 0 1-.5-.5V8H0v2a2 2 0 0 0 2 2h2v-1.5ZM8 12v-1.5h2a.5.5 0 0 0 .5-.5V8H12v2a2 2 0 0 1-2 2H8Zm2-12a2 2 0 0 1 2 2v2h-1.5V2a.5.5 0 0 0-.5-.5H8V0h2Z\" \/>\n\t\t\t<\/svg>\n\t\t<\/button><\/figure>\n<\/figure>\n","protected":false},"excerpt":{"rendered":"<p>Leider steht uns derzeit nur Bildmaterial ab dem Jahr 2004 zur Verf\u00fcgung EGZ- Tauschtage in Deutschland Als G\u00e4ste Internationaler Tauschtage<\/p>\n","protected":false},"author":2,"featured_media":0,"parent":0,"menu_order":0,"comment_status":"closed","ping_status":"closed","template":"page-templates\/full-width.php","meta":{"footnotes":""},"class_list":["post-1564","page","type-page","status-publish","hentry"],"_links":{"self":[{"href":"https:\/\/zuckersammler.net\/index.php?rest_route=\/wp\/v2\/pages\/1564","targetHints":{"allow":["GET"]}}],"collection":[{"href":"https:\/\/zuckersammler.net\/index.php?rest_route=\/wp\/v2\/pages"}],"about":[{"href":"https:\/\/zuckersammler.net\/index.php?rest_route=\/wp\/v2\/types\/page"}],"author":[{"embeddable":true,"href":"https:\/\/zuckersammler.net\/index.php?rest_route=\/wp\/v2\/users\/2"}],"replies":[{"embeddable":true,"href":"https:\/\/zuckersammler.net\/index.php?rest_route=%2Fwp%2Fv2%2Fcomments&post=1564"}],"version-history":[{"count":68,"href":"https:\/\/zuckersammler.net\/index.php?rest_route=\/wp\/v2\/pages\/1564\/revisions"}],"predecessor-version":[{"id":5454,"href":"https:\/\/zuckersammler.net\/index.php?rest_route=\/wp\/v2\/pages\/1564\/revisions\/5454"}],"wp:attachment":[{"href":"https:\/\/zuckersammler.net\/index.php?rest_route=%2Fwp%2Fv2%2Fmedia&parent=1564"}],"curies":[{"name":"wp","href":"https:\/\/api.w.org\/{rel}","templated":true}]}}